
{"id":3,"date":"2025-06-30T07:37:34","date_gmt":"2025-06-30T07:37:34","guid":{"rendered":"https:\/\/rethymnomare.interbrain.gr\/?page_id=3"},"modified":"2025-07-31T22:45:26","modified_gmt":"2025-07-31T19:45:26","slug":"privacy-policy","status":"publish","type":"page","link":"https:\/\/rethymnomare.gr\/de\/privacy-policy\/","title":{"rendered":"Datenschutzerkl\u00e4rung"},"content":{"rendered":"<h3 class=\"wp-block-heading\">Datenschutzerkl\u00e4rung &amp; DSGVO-Compliance<\/h3>\n\n\n\n<h4 class=\"wp-block-heading\">IM ALLGEMEINEN<\/h4>\n\n\n\n<p>Die Nutzung unserer Webseiten und der Dienstleistungen, die dem Besucher auf der Website rethymnomare.gr im Besitz von Rethymno Mare im Folgenden \"das Unternehmen\" zur Verf\u00fcgung gestellt werden, erfordert Ihre Zustimmung zur Datenschutzerkl\u00e4rung dieser Website. Daher muss der Besucher den Inhalt dieser Seite sorgf\u00e4ltig lesen, bevor er die Dienste unserer Website in Anspruch nimmt. Wenn er damit nicht einverstanden ist, muss er diese Website verlassen und NIE einen ihrer Dienste oder Inhalte nutzen.<br>Diese Datenschutzerkl\u00e4rung kann sich von Zeit zu Zeit gem\u00e4\u00df den einschl\u00e4gigen Rechtsvorschriften \u00e4ndern. Wir werden unsere Kunden oder Nutzer unserer Website nicht ausdr\u00fccklich \u00fcber diese \u00c4nderungen informieren. Stattdessen empfehlen wir Ihnen, diese Seite gelegentlich zu besuchen, um \u00c4nderungen an dieser Datenschutzerkl\u00e4rung vorzunehmen. Die fortgesetzte Nutzung der Website rethymnomare.gr auch nach \u00c4nderungen der Datenschutzrichtlinie impliziert die bedingungslose Annahme dieser Bedingungen durch Sie.<\/p>\n\n\n\n<h4 class=\"wp-block-heading\">Datenschutz und Schutz personenbezogener Daten<\/h4>\n\n\n\n<p>Wir erheben und verarbeiten Ihre personenbezogenen Daten nur dann, wenn dies unbedingt erforderlich ist.<br>Wir werden Ihre personenbezogenen Daten niemals verkaufen, vermieten, verteilen oder in irgendeiner Weise ver\u00f6ffentlichen.<br>Wenn Sie unter 16 Jahre alt sind, M\u00dcSSEN Sie die Zustimmung Ihrer Eltern einholen, bevor Sie die Dienste dieser Website nutzen.<\/p>\n\n\n\n<h3 class=\"wp-block-heading\">Einschl\u00e4gige Rechtsvorschriften<\/h3>\n\n\n\n<p>Zusammen mit den internen IT-Systemen unseres Unternehmens ist diese Website so konzipiert, dass sie den folgenden Gesetzen\/Vorschriften zum Schutz der personenbezogenen Daten des Nutzers entspricht:<\/p>\n\n\n\n<ol class=\"wp-block-list\">\n<li>EU-Datenschutzrichtlinie (DPD von 1995)<\/li>\n\n\n\n<li>Verordnung \u00fcber den allgemeinen EU-Datenschutz (DSGVO des Jahres 2018)<\/li>\n<\/ol>\n\n\n\n<h3 class=\"wp-block-heading\">Pers\u00f6nliche Informationen, die von dieser Website gesammelt werden und warum wir sie sammeln<\/h3>\n\n\n\n<p>Diese Website sammelt und verwendet personenbezogene Daten aus den folgenden Gr\u00fcnden:<\/p>\n\n\n\n<h4 class=\"wp-block-heading\">\u00dcberwachung des Website-Traffics<\/h4>\n\n\n\n<p>Wie die meisten Websites verwendet diese Website Google Analytics (GA), um die Benutzeraktivit\u00e4t zu verfolgen. Wir verwenden diese Daten, um die Anzahl unserer Website-Besucher zu bestimmen, um besser zu verstehen, wie sie unsere Webseiten finden und nutzen. Obwohl GA Daten wie Ihren geografischen Standort, Ihr Ger\u00e4t, Ihren Webbrowser und Ihr Betriebssystem aufzeichnet, identifiziert keine dieser Informationen Sie f\u00fcr uns. GA speichert auch die IP-Adresse Ihres Computers, die verwendet werden k\u00f6nnte, um Sie zu identifizieren, aber Google gew\u00e4hrt keinen Zugriff darauf. Wir glauben, dass Google ein dritter Datenverarbeiter ist, der die Anforderungen der europ\u00e4ischen Gesetzgebung erf\u00fcllt.<\/p>\n\n\n\n<h4 class=\"wp-block-heading\">Kontaktformulare und E-Mail-Links<\/h4>\n\n\n\n<p>Wenn Sie sich daf\u00fcr entscheiden, uns \u00fcber ein Kontaktformular oder einen E-Mail-Link zu kontaktieren, werden keine der von Ihnen angegebenen Daten auf unserer Website gespeichert oder von einem externen Datenverarbeiter \u00fcbertragen oder verarbeitet, wie unten im Abschnitt \u00abUnsere externen Datenverarbeiter\u00bb definiert. Stattdessen werden diese Daten \u00fcber ein SMTP-Protokoll (Simple Mail Transfer Protocol) an uns gesendet. Unsere SMTP-Server sind durch ein TLS-Sicherheitsprotokoll (auch SSL genannt) gesch\u00fctzt, was bedeutet, dass E-Mail-Inhalte verschl\u00fcsselt werden, bevor sie \u00fcber das Internet gesendet werden. Der Inhalt der E-Mail wird von unseren lokalen Computern und Ger\u00e4ten entschl\u00fcsselt.<\/p>\n\n\n\n<h4 class=\"wp-block-heading\">Newsletter<\/h4>\n\n\n\n<p>Wenn Sie sich f\u00fcr unseren Newsletter entscheiden, wird die von Ihnen angegebene E-Mail-Adresse an MailChimp weitergeleitet, das unsere E-Mail-Marketingdienste verwaltet. MailChimp ist ein Drittanbieter-Datenverarbeiter (siehe \u00abUnsere Drittanbieter-Datenverarbeiter\u00bb unten). Ihre E-Mail-Adresse wird in keiner unserer Datenbanken gespeichert. Ihre E-Mail-Adresse verbleibt in der MailChimp-Datenbank, solange wir unsere E-Mail-Marketingdienste weiterhin nutzen oder bis Sie ausdr\u00fccklich darum bitten, aus der Mailingliste entfernt zu werden. Sie k\u00f6nnen dies tun, indem Sie den Link zum L\u00f6schen verwenden, der in allen E-Mail-Newslettern enthalten ist, die wir Ihnen senden. Solange Ihre E-Mail-Adresse in der MailChimp-Datenbank verbleibt, erhalten Sie von uns regelm\u00e4\u00dfig (ca. einmal im Monat) E-Mail-Newsletter.<\/p>\n\n\n\n<h3 class=\"wp-block-heading\">\u00dcber Cookies<\/h3>\n\n\n\n<h4 class=\"wp-block-heading\">Was ist ein Cookie?<\/h4>\n\n\n\n<p>Der Begriff \u201eCookie\u201c bezieht sich auf eine kleine Datendatei, die ausschlie\u00dflich aus einer Reihe von Textinformationen besteht, die die Website an den Webbrowser auf der Festplatte Ihres Computers \u00fcbermittelt, entweder vor\u00fcbergehend w\u00e4hrend Ihres Besuchs oder manchmal f\u00fcr l\u00e4ngere Zeitr\u00e4ume, je nach Art des Cookies. Cookies f\u00fchren unterschiedliche Vorg\u00e4nge aus (z. B. unterscheiden Sie sich von den Besuchern anderer Websites oder speichern bestimmte Informationen f\u00fcr Sie, wie Ihre Pr\u00e4ferenzen) und werden von den meisten Websites verwendet, um Ihre Benutzererfahrung zu verbessern.<br>Jedes Cookie ist einzigartig f\u00fcr Ihren Browser und enth\u00e4lt einige anonyme Informationen. Ein Cookie enth\u00e4lt in der Regel den Namen des Cookie-Feldes, die Lebensdauer des Cookies und einen Wert (in der Regel in Form einer zuf\u00e4llig generierten eindeutigen Nummer).<\/p>\n\n\n\n<h4 class=\"wp-block-heading\">Arten von Cookies<\/h4>\n\n\n\n<p>Die grundlegenden Arten von Cookies werden im Folgenden beschrieben.<\/p>\n\n\n\n<ul class=\"wp-block-list\">\n<li>Session-Cookies Dies sind tempor\u00e4re Cookies, die nur w\u00e4hrend Ihres Besuchs in der Cookie-Datei des Browsers Ihres Ger\u00e4ts verbleiben und beim Schlie\u00dfen des Browsers gel\u00f6scht werden.<\/li>\n\n\n\n<li>Dauerhafte Cookies Diese bleiben auch nach dem Schlie\u00dfen des Browsers in der Cookie-Datei des Browsers Ihres Ger\u00e4ts, manchmal f\u00fcr ein Jahr oder mehr (die genaue Aufenthaltsdauer h\u00e4ngt von der Lebensdauer jedes Cookies ab). Permanente Cookies werden verwendet, wenn der Website-Administrator f\u00fcr mehr als einen Besuch wissen muss, wer Sie sind (z.B. um sich Ihren Benutzernamen oder Ihre Website-Konfigurationseinstellungen zu merken).<\/li>\n\n\n\n<li>Cookies von Erstanbietern Dies sind Cookies, die von der von Ihnen besuchten Website auf Ihrem Browser und\/oder Ihrer Festplatte Ihres Ger\u00e4ts installiert werden. Dazu geh\u00f6rt auch, Ihnen eine eindeutige ID zuzuweisen, um Ihre Website-Navigation zu \u00fcberwachen. Website-Ersteller verwenden h\u00e4ufig First-Party-Cookies, um Besuche zu bearbeiten und zu Identifizierungszwecken.<\/li>\n\n\n\n<li>Cookies von Drittanbietern Dies sind Cookies, die von Dritten wie sozialen Netzwerken verwendet werden, um Ihre Besuche auf den verschiedenen Websites zu verfolgen, f\u00fcr die sie werben. Der Website-Administrator hat keine Kontrolle \u00fcber diese Cookies von Drittanbietern.<\/li>\n<\/ul>\n\n\n\n<h4 class=\"wp-block-heading\">Cookies auf dieser Website und wie man sie verwaltet<\/h4>\n\n\n\n<p>Auf dieser Website verwenden wir Cookies, um Ihre Benutzererfahrung zu verbessern. Die Funktionalit\u00e4t der Website wird erheblich beeintr\u00e4chtigt, wenn Sie die Verwendung von Cookies deaktivieren oder nicht zustimmen.<br>Siehe die folgenden Informationen \u00fcber die Cookies von Drittanbietern, die wir auf dieser Website verwenden, einschlie\u00dflich der Frage, wie sie deaktiviert werden k\u00f6nnen und wie sich die Deaktivierung auf die Funktionalit\u00e4t der Website auswirkt. Wenn Sie Hilfe bei der Verwaltung bestimmter Arten von Cookies ben\u00f6tigen, einschlie\u00dflich der \u00dcberpr\u00fcfung oder L\u00f6schung, besuchen Sie bitte <a href=\"http:\/\/www.aboutcookies.org\">www.aboutcookies.org<\/a>.<\/p>\n\n\n\n<h4 class=\"wp-block-heading\">Google Analytics-Cookies<\/h4>\n\n\n\n<p>Google Analytics-Cookies sind Leistungsanalyse-\/Logging-Cookies, die es uns erm\u00f6glichen, anonyme Informationen dar\u00fcber zu sammeln, wie Besucher unsere Website nutzen. Diese Cookies k\u00f6nnen uns dar\u00fcber informieren, wie viele Besucher die Website nutzen, die Zeit und Dauer des Besuchs und auch Informationen dar\u00fcber liefern, wie Besucher auf der Website navigieren. Diese Informationen helfen uns, die Funktionsweise unserer Website zu verbessern. Sie sind anonyme Informationen und enthalten keine pers\u00f6nlichen Informationen.<br>Die durch die Google-Analytics-Cookies gesammelten Informationen \u00fcber unsere Website werden gem\u00e4\u00df der Datenschutzerkl\u00e4rung von Google auf den Servern von Google \u00fcbertragen und gespeichert.<br>Weitere Informationen zu Google Analytics finden Sie unter <a href=\"https:\/\/support.google.com\/analytics\/answer\/6004245\">https:\/\/support.google.com\/analytics\/answer\/6004245<\/a><br>Sie k\u00f6nnen das Google Analytics-Tracking deaktivieren, indem Sie <a href=\"https:\/\/tools.google.com\/dlpage\/gaoptout?hl=en=GB\">https:\/\/tools.go ogle.com\/dlpa ge\/gaoptout?hl =en=GB<\/a><br>Wenn Sie diese Cookies deaktivieren, wird Ihre Aktivit\u00e4t nicht gez\u00e4hlt oder in den Statistiken verwendet, die wir sammeln, um die Dienste, die wir \u00fcber diese Website anbieten, zu verbessern. Die Funktionalit\u00e4t der Website wird nicht beeintr\u00e4chtigt.<\/p>\n\n\n\n<h4 class=\"wp-block-heading\">Cookies von Videoanbietern<\/h4>\n\n\n\n<p>Videoanbieter k\u00f6nnen Cookies auf Ihrem Ger\u00e4t platzieren, wenn Sie ihr Video auf unserer Website ansehen.<br>Wenn Sie diese Cookies deaktivieren, k\u00f6nnen Sie die eingebetteten Videos auf unserer Website m\u00f6glicherweise nicht sehen.<\/p>\n\n\n\n<h4 class=\"wp-block-heading\">Cookies von sozialen Netzwerken<\/h4>\n\n\n\n<p>Soziale Netzwerke von Drittanbietern k\u00f6nnen Cookies auf Ihrem Ger\u00e4t platzieren, wenn Sie eine Webseite unserer Website mit einer anderen Website des sozialen Netzwerks von Drittanbietern teilen, indem Sie auf eine der Schaltfl\u00e4chen \"Teilen\" klicken.<br>Wenn Sie diese Cookies deaktivieren, k\u00f6nnen Sie keine unserer Inhalte mit sozialen Netzwerken von Drittanbietern teilen.<\/p>\n\n\n\n<h3 class=\"wp-block-heading\">\u00dcber den Webserver dieser Website<\/h3>\n\n\n\n<p>Der gesamte Webverkehr (Dateitransfer) zwischen dieser Website und Ihrem Browser wird verschl\u00fcsselt und \u00fcber das HTTPS-Protokoll mit Secure Sockets Layer (SSL) \u00fcbertragen.<\/p>\n\n\n\n<h3 class=\"wp-block-heading\">Auftragsverarbeiter von personenbezogenen Daten Dritter<\/h3>\n\n\n\n<p>Wir verwenden eine Reihe von Dritten, um personenbezogene Daten f\u00fcr uns zu verarbeiten. Diese externen Auftragsverarbeiter f\u00fcr personenbezogene Daten wurden sorgf\u00e4ltig ausgew\u00e4hlt, um den in diesem Dokument genannten Rechtsvorschriften zu entsprechen.<\/p>\n\n\n\n<h3 class=\"wp-block-heading\">Datenschutzverletzungen<\/h3>\n\n\n\n<p>F\u00fcr alle Ihre pers\u00f6nlichen Daten, die in unserer Datenbank gespeichert sind, werden alle notwendigen Ma\u00dfnahmen ergriffen, um so sicher wie m\u00f6glich zu sein.<br>Wir werden jeden unrechtm\u00e4\u00dfigen Versto\u00df gegen unsere Datenbank oder eine Datenverarbeitungsdatenbank Dritter innerhalb von 72 Stunden nach dem Versto\u00df an alle relevanten Interessengruppen sowie Beh\u00f6rden melden, wenn offensichtlich ist, dass die in erkennbarer Form gespeicherten personenbezogenen Daten gestohlen wurden.<\/p>\n\n\n\n<h3 class=\"wp-block-heading\">Datenschutzbeauftragter<\/h3>\n\n\n\n<p>Der Datenschutzbeauftragte (DSB) dieser Website ist: \u00abRethymno Stute\u00bb<\/p>","protected":false},"excerpt":{"rendered":"<p>Datenschutzerkl\u00e4rung &amp; DSGVO-Compliance IM ALLGEMEINEN Die Nutzung unserer Webseiten und die Dienstleistungen f\u00fcr den Besucher auf der Website rethymnomare.gr im Besitz von Rethymno Mare im Folgenden \u00abdie...<\/p>","protected":false},"author":1,"featured_media":0,"parent":0,"menu_order":0,"comment_status":"closed","ping_status":"open","template":"","meta":{"footnotes":""},"class_list":["post-3","page","type-page","status-publish"],"_links":{"self":[{"href":"https:\/\/rethymnomare.gr\/de\/wp-json\/wp\/v2\/pages\/3","targetHints":{"allow":["GET"]}}],"collection":[{"href":"https:\/\/rethymnomare.gr\/de\/wp-json\/wp\/v2\/pages"}],"about":[{"href":"https:\/\/rethymnomare.gr\/de\/wp-json\/wp\/v2\/types\/page"}],"author":[{"embeddable":true,"href":"https:\/\/rethymnomare.gr\/de\/wp-json\/wp\/v2\/users\/1"}],"replies":[{"embeddable":true,"href":"https:\/\/rethymnomare.gr\/de\/wp-json\/wp\/v2\/comments?post=3"}],"version-history":[{"count":1,"href":"https:\/\/rethymnomare.gr\/de\/wp-json\/wp\/v2\/pages\/3\/revisions"}],"predecessor-version":[{"id":651,"href":"https:\/\/rethymnomare.gr\/de\/wp-json\/wp\/v2\/pages\/3\/revisions\/651"}],"wp:attachment":[{"href":"https:\/\/rethymnomare.gr\/de\/wp-json\/wp\/v2\/media?parent=3"}],"curies":[{"name":"wp","href":"https:\/\/api.w.org\/{rel}","templated":true}]}}