
{"id":662,"date":"2025-08-06T14:12:26","date_gmt":"2025-08-06T11:12:26","guid":{"rendered":"https:\/\/rethymnomare.interbrain.gr\/?page_id=662"},"modified":"2025-08-25T16:13:32","modified_gmt":"2025-08-25T13:13:32","slug":"about","status":"publish","type":"page","link":"https:\/\/rethymnomare.gr\/de\/about\/","title":{"rendered":"\u00dcber uns"},"content":{"rendered":"<div id=\"fws_69eb573b1546c\"  data-column-margin=\"default\" data-midnight=\"light\"  class=\"wpb_row vc_row-fluid vc_row full-width-content vc_row-o-full-height vc_row-o-columns-middle vc_row-o-equal-height vc_row-flex vc_row-o-content-top\"  style=\"padding-top: 0px; padding-bottom: 0px; \"><div class=\"row-bg-wrap\" data-bg-animation=\"none\" data-bg-animation-delay=\"\" data-bg-overlay=\"true\"><div class=\"inner-wrap row-bg-layer using-image\" ><div class=\"row-bg viewport-desktop using-image\"  style=\"background-image: url(https:\/\/rethymnomare.gr\/wp-content\/uploads\/2025\/07\/Lobby-Rethymno-Mare-Water-Park.jpg); background-position: center center; background-repeat: no-repeat; \"><\/div><\/div><div class=\"row-bg-overlay row-bg-layer\" style=\"background-color:#000000;  opacity: 0.5; \"><\/div><\/div><div class=\"row_col_wrap_12 col span_12 light left\">\n\t<div  class=\"vc_col-sm-12 wpb_column column_container vc_column_container col no-extra-padding right_margin_300px left_margin_300px right_margin_tablet_10px left_margin_tablet_10px inherit_tablet inherit_phone\"  data-padding-pos=\"all\" data-has-bg-color=\"false\" data-bg-color=\"\" data-bg-opacity=\"1\" data-animation=\"\" data-delay=\"0\" >\n\t\t<div class=\"vc_column-inner\" >\n\t\t\t<div class=\"wpb_wrapper\">\n\t\t\t\t\n<div class=\"wpb_text_column wpb_content_element\" >\n\t<div class=\"wpb_wrapper\">\n\t\t<h5 style=\"text-align: center;\">Rethymno Mare &amp; Rethymno Mare Royal<\/h5>\n<h1 style=\"text-align: center;\">\u00dcber uns<\/h1>\n<p>&nbsp;<\/p>\n<p style=\"text-align: center;\">Rethymno Mare &amp; Water Park and Rethymno Mare Royal &amp; Water Park<br \/>\nsind zwei F\u00fcnf-Sterne-Hotels innerhalb desselben Badeortkomplexes, in<br \/>\ndas Gebiet von (Skaleta, Rethymno).<\/p>\n\t<\/div>\n<\/div>\n\n\n\n\n\t\t\t<\/div> \n\t\t<\/div>\n\t<\/div> \n<\/div><\/div>\n\t\t<div id=\"fws_69eb573b16a31\"  data-column-margin=\"default\" data-midnight=\"dark\"  class=\"wpb_row vc_row-fluid vc_row full-width-section  left_padding_5pct\"  style=\"padding-top: 100px; padding-bottom: 100px; \"><div class=\"row-bg-wrap\" data-bg-animation=\"none\" data-bg-animation-delay=\"\" data-bg-overlay=\"false\"><div class=\"inner-wrap row-bg-layer\" ><div class=\"row-bg viewport-desktop\"  style=\"\"><\/div><\/div><\/div><div class=\"row_col_wrap_12 col span_12 dark left\">\n\t<div  class=\"vc_col-sm-12 wpb_column column_container vc_column_container col padding-3-percent inherit_tablet inherit_phone\"  data-padding-pos=\"all\" data-has-bg-color=\"false\" data-bg-color=\"\" data-bg-opacity=\"1\" data-animation=\"\" data-delay=\"0\" >\n\t\t<div class=\"vc_column-inner\" >\n\t\t\t<div class=\"wpb_wrapper\">\n\t\t\t\t\n<div class=\"wpb_text_column wpb_content_element  wpb_animate_when_almost_visible wpb_fadeInUp fadeInUp main-text-block\" >\n\t<div class=\"wpb_wrapper\">\n\t\t<p>RETHYMNO MARE &amp; WATER PARK \u2013 <em>\u00dcber uns<\/em><\/p>\n<h2>Panoramablick &amp; Komfort<\/h2>\n<p>&nbsp;<\/p>\n<p>Mit Panoramablick auf das kretische Meer bieten unsere Hotels Komfort und Entspannung f\u00fcr alle Arten von G\u00e4sten \u2013 Familien, Paare, Freundesgruppen und Alleinreisende. Der moderne Wasserpark ist eines der Highlights des Resorts und bietet aufregende Wasserrutschen, ein Kinderbecken, Spielzonen und viel Spa\u00df im Wasser f\u00fcr alle Altersgruppen.<\/p>\n<p>Freuen Sie sich auch auf Au\u00dfenpools, Restaurants, Bars, einen Privatstrand mit Sonnenschirmen und Liegest\u00fchlen sowie eine breite Palette von Dienstleistungen f\u00fcr einen unbeschwerten Urlaub. Der Wasserpark Rethymno Mare &amp; verbindet authentische kretische Gastfreundschaft mit modernen Einrichtungen und einer einladenden Atmosph\u00e4re und ist damit das perfekte Ziel f\u00fcr alle, die ihren Aufenthalt auf Kreta in vollen Z\u00fcgen genie\u00dfen m\u00f6chten.<\/p>\n\t<\/div>\n<\/div>\n\n\n\n\n\t<div class=\"wpb_gallery wpb_content_element clearfix\">\n\t\t<div class=\"wpb_wrapper\"><div class=\"wpb_gallery_slidesflickity_static_height_style\" data-onclick=\"link_image\" data-interval=\"5\"><style>.wpb_gallery_slidesflickity_static_height_style .nectar-flickity.instace-69eb573b1840a:not(.masonry) .flickity-slider .cell img {\n      height: 400px;\n    }\n    @media only screen and (max-width: 1300px) {\n      .wpb_gallery_slidesflickity_static_height_style .nectar-flickity.instace-69eb573b1840a:not(.masonry) .flickity-slider .cell img {\n        height: 60vh;\n      }\n    }\n    @media only screen and (max-width: 1000px) {\n      .wpb_gallery_slidesflickity_static_height_style .nectar-flickity.instace-69eb573b1840a:not(.masonry) .flickity-slider .cell img {\n        height: 50vh;\n      }\n    }\n    @media only screen and (max-width: 690px) {\n      .wpb_gallery_slidesflickity_static_height_style .nectar-flickity.instace-69eb573b1840a:not(.masonry) .flickity-slider .cell img {\n        height: 350px;\n      }\n    }<\/style><div class=\"nectar-flickity not-initialized instace-69eb573b1840a drag-indicator-only\" data-indicator-bg=\"#487A9A\" data-indicator-icon=\"#ffffff\"  data-touch-icon-color=\"default\" data-drag-scale=\"\" data-overflow=\"visible\" data-wrap=\"no-wrap\" data-spacing=\"10px\" data-shadow=\"none\" data-autoplay=\"true\" data-autoplay-dur=\"\" data-free-scroll=\"\" data-controls=\"touch_total\"><div class=\"flickity-viewport\"> <div class=\"flickity-slider\"><div class=\"cell\" data-lazy=\"false\"><div class=\"nectar-el-parallax-scroll\" data-scroll-animation=\"true\" data-scroll-animation-mobile=\"true\" data-scroll-animation-intensity=\"-1.15\" data-scroll-animation-lerp=\"1\"><div class=\"vc_column-inner\"><div class=\"img-wrap\"><img loading=\"lazy\" decoding=\"async\" width=\"1024\" height=\"768\" src=\"https:\/\/rethymnomare.gr\/wp-content\/uploads\/2025\/07\/Rethymno-Mare-Drone-3-1024x768.jpg\" class=\"skip-lazy nectar-lazy attachment-large\" alt=\"\" title=\"Voreinstellung\" srcset=\"https:\/\/rethymnomare.gr\/wp-content\/uploads\/2025\/07\/Rethymno-Mare-Drone-3-1024x768.jpg 1024w, https:\/\/rethymnomare.gr\/wp-content\/uploads\/2025\/07\/Rethymno-Mare-Drone-3-300x225.jpg 300w, https:\/\/rethymnomare.gr\/wp-content\/uploads\/2025\/07\/Rethymno-Mare-Drone-3-768x576.jpg 768w, https:\/\/rethymnomare.gr\/wp-content\/uploads\/2025\/07\/Rethymno-Mare-Drone-3-1536x1152.jpg 1536w, https:\/\/rethymnomare.gr\/wp-content\/uploads\/2025\/07\/Rethymno-Mare-Drone-3.jpg 1867w\" sizes=\"auto, (max-width: 1024px) 100vw, 1024px\" \/><\/div><\/div><\/div><a class=\"entire-slide-link\"  href=\"https:\/\/rethymnomare.gr\/wp-content\/uploads\/2025\/07\/Rethymno-Mare-Drone-3.jpg\"><\/a><\/div><div class=\"cell\" data-lazy=\"false\"><div class=\"nectar-el-parallax-scroll\" data-scroll-animation=\"true\" data-scroll-animation-mobile=\"true\" data-scroll-animation-intensity=\"-1.15\" data-scroll-animation-lerp=\"1\"><div class=\"vc_column-inner\"><div class=\"img-wrap\"><img loading=\"lazy\" decoding=\"async\" width=\"1024\" height=\"683\" src=\"https:\/\/rethymnomare.gr\/wp-content\/uploads\/2025\/07\/OUT-DOOR-FITNESS-2-1024x683.jpg\" class=\"skip-lazy nectar-lazy attachment-large\" alt=\"\" title=\"FITNESS AUS DER T\u00dcR (2)\" srcset=\"https:\/\/rethymnomare.gr\/wp-content\/uploads\/2025\/07\/OUT-DOOR-FITNESS-2-1024x683.jpg 1024w, https:\/\/rethymnomare.gr\/wp-content\/uploads\/2025\/07\/OUT-DOOR-FITNESS-2-300x200.jpg 300w, https:\/\/rethymnomare.gr\/wp-content\/uploads\/2025\/07\/OUT-DOOR-FITNESS-2-768x512.jpg 768w, https:\/\/rethymnomare.gr\/wp-content\/uploads\/2025\/07\/OUT-DOOR-FITNESS-2-1536x1024.jpg 1536w, https:\/\/rethymnomare.gr\/wp-content\/uploads\/2025\/07\/OUT-DOOR-FITNESS-2-900x600.jpg 900w, https:\/\/rethymnomare.gr\/wp-content\/uploads\/2025\/07\/OUT-DOOR-FITNESS-2.jpg 1900w\" sizes=\"auto, (max-width: 1024px) 100vw, 1024px\" \/><\/div><\/div><\/div><a class=\"entire-slide-link\"  href=\"https:\/\/rethymnomare.gr\/wp-content\/uploads\/2025\/07\/OUT-DOOR-FITNESS-2.jpg\"><\/a><\/div><div class=\"cell\" data-lazy=\"false\"><div class=\"nectar-el-parallax-scroll\" data-scroll-animation=\"true\" data-scroll-animation-mobile=\"true\" data-scroll-animation-intensity=\"-1.15\" data-scroll-animation-lerp=\"1\"><div class=\"vc_column-inner\"><div class=\"img-wrap\"><img loading=\"lazy\" decoding=\"async\" width=\"1024\" height=\"683\" src=\"https:\/\/rethymnomare.gr\/wp-content\/uploads\/2025\/07\/AMPHITHEATER-PRO_9395-1024x683.jpg\" class=\"skip-lazy nectar-lazy attachment-large\" alt=\"\" title=\"AMPHITHEATER PRO_9395\" srcset=\"https:\/\/rethymnomare.gr\/wp-content\/uploads\/2025\/07\/AMPHITHEATER-PRO_9395-1024x683.jpg 1024w, https:\/\/rethymnomare.gr\/wp-content\/uploads\/2025\/07\/AMPHITHEATER-PRO_9395-300x200.jpg 300w, https:\/\/rethymnomare.gr\/wp-content\/uploads\/2025\/07\/AMPHITHEATER-PRO_9395-768x512.jpg 768w, https:\/\/rethymnomare.gr\/wp-content\/uploads\/2025\/07\/AMPHITHEATER-PRO_9395-1536x1024.jpg 1536w, https:\/\/rethymnomare.gr\/wp-content\/uploads\/2025\/07\/AMPHITHEATER-PRO_9395-900x600.jpg 900w, https:\/\/rethymnomare.gr\/wp-content\/uploads\/2025\/07\/AMPHITHEATER-PRO_9395.jpg 1900w\" sizes=\"auto, (max-width: 1024px) 100vw, 1024px\" \/><\/div><\/div><\/div><a class=\"entire-slide-link\"  href=\"https:\/\/rethymnomare.gr\/wp-content\/uploads\/2025\/07\/AMPHITHEATER-PRO_9395.jpg\"><\/a><\/div><div class=\"cell\" data-lazy=\"false\"><div class=\"nectar-el-parallax-scroll\" data-scroll-animation=\"true\" data-scroll-animation-mobile=\"true\" data-scroll-animation-intensity=\"-1.15\" data-scroll-animation-lerp=\"1\"><div class=\"vc_column-inner\"><div class=\"img-wrap\"><img loading=\"lazy\" decoding=\"async\" width=\"1024\" height=\"768\" src=\"https:\/\/rethymnomare.gr\/wp-content\/uploads\/2025\/07\/IMG_7340-1024x768.jpg\" class=\"skip-lazy nectar-lazy attachment-large\" alt=\"\" title=\"IMG_7340\" srcset=\"https:\/\/rethymnomare.gr\/wp-content\/uploads\/2025\/07\/IMG_7340-1024x768.jpg 1024w, https:\/\/rethymnomare.gr\/wp-content\/uploads\/2025\/07\/IMG_7340-300x225.jpg 300w, https:\/\/rethymnomare.gr\/wp-content\/uploads\/2025\/07\/IMG_7340-768x576.jpg 768w, https:\/\/rethymnomare.gr\/wp-content\/uploads\/2025\/07\/IMG_7340-1536x1152.jpg 1536w, https:\/\/rethymnomare.gr\/wp-content\/uploads\/2025\/07\/IMG_7340.jpg 1867w\" sizes=\"auto, (max-width: 1024px) 100vw, 1024px\" \/><\/div><\/div><\/div><a class=\"entire-slide-link\"  href=\"https:\/\/rethymnomare.gr\/wp-content\/uploads\/2025\/07\/IMG_7340.jpg\"><\/a><\/div><div class=\"cell\" data-lazy=\"false\"><div class=\"nectar-el-parallax-scroll\" data-scroll-animation=\"true\" data-scroll-animation-mobile=\"true\" data-scroll-animation-intensity=\"-1.15\" data-scroll-animation-lerp=\"1\"><div class=\"vc_column-inner\"><div class=\"img-wrap\"><\/div><\/div><\/div><a class=\"entire-slide-link\"  href=\"\"><\/a><\/div><div class=\"cell\" data-lazy=\"false\"><div class=\"nectar-el-parallax-scroll\" data-scroll-animation=\"true\" data-scroll-animation-mobile=\"true\" data-scroll-animation-intensity=\"-1.15\" data-scroll-animation-lerp=\"1\"><div class=\"vc_column-inner\"><div class=\"img-wrap\"><\/div><\/div><\/div><a class=\"entire-slide-link\"  href=\"\"><\/a><\/div><div class=\"cell\" data-lazy=\"false\"><div class=\"nectar-el-parallax-scroll\" data-scroll-animation=\"true\" data-scroll-animation-mobile=\"true\" data-scroll-animation-intensity=\"-1.15\" data-scroll-animation-lerp=\"1\"><div class=\"vc_column-inner\"><div class=\"img-wrap\"><img loading=\"lazy\" decoding=\"async\" width=\"1024\" height=\"768\" src=\"https:\/\/rethymnomare.gr\/wp-content\/uploads\/2025\/07\/lBEACH2-1024x768.jpg\" class=\"skip-lazy nectar-lazy attachment-large\" alt=\"\" title=\"LBEACH2\" srcset=\"https:\/\/rethymnomare.gr\/wp-content\/uploads\/2025\/07\/lBEACH2-1024x768.jpg 1024w, https:\/\/rethymnomare.gr\/wp-content\/uploads\/2025\/07\/lBEACH2-300x225.jpg 300w, https:\/\/rethymnomare.gr\/wp-content\/uploads\/2025\/07\/lBEACH2-768x576.jpg 768w, https:\/\/rethymnomare.gr\/wp-content\/uploads\/2025\/07\/lBEACH2-1536x1152.jpg 1536w, https:\/\/rethymnomare.gr\/wp-content\/uploads\/2025\/07\/lBEACH2.jpg 1867w\" sizes=\"auto, (max-width: 1024px) 100vw, 1024px\" \/><\/div><\/div><\/div><a class=\"entire-slide-link\"  href=\"https:\/\/rethymnomare.gr\/wp-content\/uploads\/2025\/07\/lBEACH2.jpg\"><\/a><\/div><div class=\"cell\" data-lazy=\"false\"><div class=\"nectar-el-parallax-scroll\" data-scroll-animation=\"true\" data-scroll-animation-mobile=\"true\" data-scroll-animation-intensity=\"-1.15\" data-scroll-animation-lerp=\"1\"><div class=\"vc_column-inner\"><div class=\"img-wrap\"><img loading=\"lazy\" decoding=\"async\" width=\"1024\" height=\"682\" src=\"https:\/\/rethymnomare.gr\/wp-content\/uploads\/2025\/07\/IMG_9918-1024x682.jpg\" class=\"skip-lazy nectar-lazy attachment-large\" alt=\"\" title=\"IMG_9918\" srcset=\"https:\/\/rethymnomare.gr\/wp-content\/uploads\/2025\/07\/IMG_9918-1024x682.jpg 1024w, https:\/\/rethymnomare.gr\/wp-content\/uploads\/2025\/07\/IMG_9918-300x200.jpg 300w, https:\/\/rethymnomare.gr\/wp-content\/uploads\/2025\/07\/IMG_9918-768x512.jpg 768w, https:\/\/rethymnomare.gr\/wp-content\/uploads\/2025\/07\/IMG_9918-1536x1023.jpg 1536w, https:\/\/rethymnomare.gr\/wp-content\/uploads\/2025\/07\/IMG_9918-900x600.jpg 900w, https:\/\/rethymnomare.gr\/wp-content\/uploads\/2025\/07\/IMG_9918.jpg 1900w\" sizes=\"auto, (max-width: 1024px) 100vw, 1024px\" \/><\/div><\/div><\/div><a class=\"entire-slide-link\"  href=\"https:\/\/rethymnomare.gr\/wp-content\/uploads\/2025\/07\/IMG_9918.jpg\"><\/a><\/div><div class=\"cell\" data-lazy=\"false\"><div class=\"nectar-el-parallax-scroll\" data-scroll-animation=\"true\" data-scroll-animation-mobile=\"true\" data-scroll-animation-intensity=\"-1.15\" data-scroll-animation-lerp=\"1\"><div class=\"vc_column-inner\"><div class=\"img-wrap\"><\/div><\/div><\/div><a class=\"entire-slide-link\"  href=\"\"><\/a><\/div><div class=\"cell\" data-lazy=\"false\"><div class=\"nectar-el-parallax-scroll\" data-scroll-animation=\"true\" data-scroll-animation-mobile=\"true\" data-scroll-animation-intensity=\"-1.15\" data-scroll-animation-lerp=\"1\"><div class=\"vc_column-inner\"><div class=\"img-wrap\"><img loading=\"lazy\" decoding=\"async\" width=\"1024\" height=\"683\" src=\"https:\/\/rethymnomare.gr\/wp-content\/uploads\/2025\/07\/Lobby-Rethymno-Mare-Water-Park-1024x683.jpg\" class=\"skip-lazy nectar-lazy attachment-large\" alt=\"\" title=\"Aktivit\u00e4ten in der N\u00e4he von Rethymno Mare &amp; Water Park\" srcset=\"https:\/\/rethymnomare.gr\/wp-content\/uploads\/2025\/07\/Lobby-Rethymno-Mare-Water-Park-1024x683.jpg 1024w, https:\/\/rethymnomare.gr\/wp-content\/uploads\/2025\/07\/Lobby-Rethymno-Mare-Water-Park-300x200.jpg 300w, https:\/\/rethymnomare.gr\/wp-content\/uploads\/2025\/07\/Lobby-Rethymno-Mare-Water-Park-768x513.jpg 768w, https:\/\/rethymnomare.gr\/wp-content\/uploads\/2025\/07\/Lobby-Rethymno-Mare-Water-Park-1536x1025.jpg 1536w, https:\/\/rethymnomare.gr\/wp-content\/uploads\/2025\/07\/Lobby-Rethymno-Mare-Water-Park-900x600.jpg 900w, https:\/\/rethymnomare.gr\/wp-content\/uploads\/2025\/07\/Lobby-Rethymno-Mare-Water-Park.jpg 1900w\" sizes=\"auto, (max-width: 1024px) 100vw, 1024px\" \/><\/div><\/div><\/div><a class=\"entire-slide-link\"  href=\"https:\/\/rethymnomare.gr\/wp-content\/uploads\/2025\/07\/Lobby-Rethymno-Mare-Water-Park.jpg\"><\/a><\/div><\/div><\/div><\/div><\/div>\n\t\t<\/div> \n\t<\/div> \n\t\t\t<\/div> \n\t\t<\/div>\n\t<\/div> \n<\/div><\/div>\n\t\t<div id=\"fws_69eb573b23903\"  data-column-margin=\"default\" data-midnight=\"dark\"  class=\"wpb_row vc_row-fluid vc_row full-width-section vc_row-o-equal-height vc_row-flex vc_row-o-content-middle\"  style=\"padding-top: 0px; padding-bottom: 100px; \"><div class=\"row-bg-wrap\" data-bg-animation=\"none\" data-bg-animation-delay=\"\" data-bg-overlay=\"false\"><div class=\"inner-wrap row-bg-layer\" ><div class=\"row-bg viewport-desktop\"  style=\"\"><\/div><\/div><\/div><div class=\"row_col_wrap_12 col span_12 dark left\">\n\t<div  class=\"vc_col-sm-12 wpb_column column_container vc_column_container col no-extra-padding inherit_tablet inherit_phone\"  data-padding-pos=\"all\" data-has-bg-color=\"false\" data-bg-color=\"\" data-bg-opacity=\"1\" data-animation=\"\" data-delay=\"0\" >\n\t\t<div class=\"vc_column-inner\" >\n\t\t\t<div class=\"wpb_wrapper\">\n\t\t\t\t<div id=\"fws_69eb573b2477a\" data-midnight=\"\" data-column-margin=\"default\" class=\"wpb_row vc_row-fluid vc_row inner_row vc_row-o-equal-height vc_row-flex vc_row-o-content-middle\"  style=\"\"><div class=\"row-bg-wrap\"> <div class=\"row-bg\" ><\/div> <\/div><div class=\"row_col_wrap_12_inner col span_12  left\">\n\t<div  class=\"vc_col-sm-8 wpb_column column_container vc_column_container col child_column no-extra-padding inherit_tablet inherit_phone\"   data-padding-pos=\"all\" data-has-bg-color=\"false\" data-bg-color=\"\" data-bg-opacity=\"1\" data-animation=\"\" data-delay=\"0\" >\n\t\t<div class=\"vc_column-inner\" >\n\t\t<div class=\"wpb_wrapper\">\n\t\t\t\n<div class=\"wpb_text_column wpb_content_element\" >\n\t<div class=\"wpb_wrapper\">\n\t\t<p>ENTDECKEN SIE UNSERE LAGE<\/p>\n<h2>Rethymno Mare &amp; Water Park <em>Lage &amp; Karten<\/em><\/h2>\n\t<\/div>\n<\/div>\n\n\n\n\n\t\t<\/div> \n\t<\/div>\n\t<\/div> \n\n\t<div  class=\"vc_col-sm-4 wpb_column column_container vc_column_container col child_column no-extra-padding inherit_tablet inherit_phone\"   data-padding-pos=\"all\" data-has-bg-color=\"false\" data-bg-color=\"\" data-bg-opacity=\"1\" data-animation=\"\" data-delay=\"0\" >\n\t\t<div class=\"vc_column-inner\" >\n\t\t<div class=\"wpb_wrapper\">\n\t\t\t\n\t\t<\/div> \n\t<\/div>\n\t<\/div> \n<\/div><\/div><div id=\"fws_69eb573b25d1f\" data-midnight=\"\" data-column-margin=\"default\" class=\"wpb_row vc_row-fluid vc_row inner_row vc_row-o-equal-height vc_row-flex vc_row-o-content-middle\"  style=\"padding-top: 50px; \"><div class=\"row-bg-wrap\"> <div class=\"row-bg\" ><\/div> <\/div><div class=\"row_col_wrap_12_inner col span_12  left\">\n\t<div  class=\"vc_col-sm-6 wpb_column column_container vc_column_container col child_column padding-4-percent inherit_tablet inherit_phone\"   data-border-animation=\"\" data-border-animation-delay=\"\" data-border-width=\"2px\" data-border-style=\"double_offset\" data-border-color=\"#487A9A\" data-padding-pos=\"all\" data-has-bg-color=\"false\" data-bg-color=\"\" data-bg-opacity=\"1\" data-animation=\"\" data-delay=\"0\" >\n\t\t<div class=\"vc_column-inner\" style=\"border: 2px solid rgba(255,255,255,0); \"><span class=\"border-wrap\" style=\"border-color: #487A9A;\"><span class=\"border-top\"><\/span><span class=\"border-right\"><\/span><span class=\"border-bottom\"><\/span><span class=\"border-left\"><\/span><\/span>\n\t\t<div class=\"wpb_wrapper\">\n\t\t\t\n<div class=\"wpb_text_column wpb_content_element  wpb_animate_when_almost_visible wpb_fadeInUp fadeInUp\" >\n\t<div class=\"wpb_wrapper\">\n\t\t<p>Der Wasserpark Rethymno Mare &amp; befindet sich in Skaleta, Rethymno, an einem privilegierten K\u00fcstenort, der das Meer perfekt mit der nat\u00fcrlichen Sch\u00f6nheit Kretas verbindet. Es ist nur 11 Kilometer vom historischen Zentrum von Rethymno und 64 Kilometer von Heraklion, der Hauptstadt von Kreta.<br \/>\nDer Blick vom Hotel bietet eine beeindruckende Kulisse, wo die Weite des Kretischen Meeres auf Sandstr\u00e4nde und eine einzigartige Naturlandschaft trifft. Die Lage sorgt f\u00fcr Ruhe sowie einfachen Zugang zu Sehensw\u00fcrdigkeiten, traditionellen D\u00f6rfern und kulturellen Erlebnissen.<\/p>\n\t<\/div>\n<\/div>\n\n\n\n\n\t\t<\/div> \n\t<\/div>\n\t<\/div> \n\n\t<div  class=\"vc_col-sm-6 wpb_column column_container vc_column_container col child_column no-extra-padding inherit_tablet inherit_phone\"   data-padding-pos=\"all\" data-has-bg-color=\"false\" data-bg-color=\"\" data-bg-opacity=\"1\" data-animation=\"\" data-delay=\"0\" >\n\t\t<div class=\"vc_column-inner\" >\n\t\t<div class=\"wpb_wrapper\">\n\t\t\t<div class=\"img-with-aniamtion-wrap center\" data-max-width=\"100%\" data-max-width-mobile=\"default\" data-border-radius=\"10px\" data-shadow=\"medium_depth\" data-animation=\"none\" >\n      <div class=\"inner\">\n        <div class=\"hover-wrap\"> \n          <div class=\"hover-wrap-inner\">\n            <img loading=\"lazy\" decoding=\"async\" class=\"img-with-animation skip-lazy\" data-delay=\"0\" height=\"1400\" width=\"1867\" data-animation=\"none\" src=\"https:\/\/rethymnomare.gr\/wp-content\/uploads\/2025\/07\/lBEACH2.jpg\" alt=\"\" srcset=\"https:\/\/rethymnomare.gr\/wp-content\/uploads\/2025\/07\/lBEACH2.jpg 1867w, https:\/\/rethymnomare.gr\/wp-content\/uploads\/2025\/07\/lBEACH2-300x225.jpg 300w, https:\/\/rethymnomare.gr\/wp-content\/uploads\/2025\/07\/lBEACH2-1024x768.jpg 1024w, https:\/\/rethymnomare.gr\/wp-content\/uploads\/2025\/07\/lBEACH2-768x576.jpg 768w, https:\/\/rethymnomare.gr\/wp-content\/uploads\/2025\/07\/lBEACH2-1536x1152.jpg 1536w\" sizes=\"auto, (max-width: 1867px) 100vw, 1867px\" \/>\n          <\/div>\n        <\/div>\n      <\/div>\n    <\/div>\n\t\t<\/div> \n\t<\/div>\n\t<\/div> \n<\/div><\/div>\n\t\t\t<\/div> \n\t\t<\/div>\n\t<\/div> \n<\/div><\/div>","protected":false},"excerpt":{"rendered":"Rethymno Mare &amp; Rethymno Mare Royal \u00dcber uns Rethymno Mare &amp; Water Park und Rethymno Mare Royal &amp; Water Park sind zwei F\u00fcnf-Sterne-Hotels in der gleichen...","protected":false},"author":1,"featured_media":486,"parent":0,"menu_order":0,"comment_status":"closed","ping_status":"closed","template":"","meta":{"footnotes":""},"class_list":["post-662","page","type-page","status-publish","has-post-thumbnail"],"_links":{"self":[{"href":"https:\/\/rethymnomare.gr\/de\/wp-json\/wp\/v2\/pages\/662","targetHints":{"allow":["GET"]}}],"collection":[{"href":"https:\/\/rethymnomare.gr\/de\/wp-json\/wp\/v2\/pages"}],"about":[{"href":"https:\/\/rethymnomare.gr\/de\/wp-json\/wp\/v2\/types\/page"}],"author":[{"embeddable":true,"href":"https:\/\/rethymnomare.gr\/de\/wp-json\/wp\/v2\/users\/1"}],"replies":[{"embeddable":true,"href":"https:\/\/rethymnomare.gr\/de\/wp-json\/wp\/v2\/comments?post=662"}],"version-history":[{"count":12,"href":"https:\/\/rethymnomare.gr\/de\/wp-json\/wp\/v2\/pages\/662\/revisions"}],"predecessor-version":[{"id":857,"href":"https:\/\/rethymnomare.gr\/de\/wp-json\/wp\/v2\/pages\/662\/revisions\/857"}],"wp:featuredmedia":[{"embeddable":true,"href":"https:\/\/rethymnomare.gr\/de\/wp-json\/wp\/v2\/media\/486"}],"wp:attachment":[{"href":"https:\/\/rethymnomare.gr\/de\/wp-json\/wp\/v2\/media?parent=662"}],"curies":[{"name":"wp","href":"https:\/\/api.w.org\/{rel}","templated":true}]}}