
{"id":730,"date":"2025-08-14T13:52:06","date_gmt":"2025-08-14T10:52:06","guid":{"rendered":"https:\/\/rethymnomare.interbrain.gr\/?page_id=730"},"modified":"2026-01-26T14:13:45","modified_gmt":"2026-01-26T12:13:45","slug":"events","status":"publish","type":"page","link":"https:\/\/rethymnomare.gr\/de\/events\/","title":{"rendered":"Veranstaltungen &amp; Feiern"},"content":{"rendered":"<div id=\"fws_69e8f1dae16cc\"  data-column-margin=\"default\" data-midnight=\"light\"  class=\"wpb_row vc_row-fluid vc_row full-width-content vc_row-o-full-height vc_row-o-columns-middle vc_row-o-equal-height vc_row-flex vc_row-o-content-top\"  style=\"padding-top: 0px; padding-bottom: 0px; \"><div class=\"row-bg-wrap\" data-bg-animation=\"none\" data-bg-animation-delay=\"\" data-bg-overlay=\"true\"><div class=\"inner-wrap row-bg-layer using-image\" ><div class=\"row-bg viewport-desktop using-image\"  style=\"background-image: url(https:\/\/rethymnomare.gr\/wp-content\/uploads\/2025\/07\/Lobby-Rethymno-Mare-Water-Park.jpg); background-position: center center; background-repeat: no-repeat; \"><\/div><\/div><div class=\"row-bg-overlay row-bg-layer\" style=\"background-color:#000000;  opacity: 0.5; \"><\/div><\/div><div class=\"row_col_wrap_12 col span_12 light left\">\n\t<div  class=\"vc_col-sm-12 wpb_column column_container vc_column_container col no-extra-padding right_margin_300px left_margin_300px right_margin_tablet_10px left_margin_tablet_10px inherit_tablet inherit_phone\"  data-padding-pos=\"all\" data-has-bg-color=\"false\" data-bg-color=\"\" data-bg-opacity=\"1\" data-animation=\"\" data-delay=\"0\" >\n\t\t<div class=\"vc_column-inner\" >\n\t\t\t<div class=\"wpb_wrapper\">\n\t\t\t\t\n<div class=\"wpb_text_column wpb_content_element\" >\n\t<div class=\"wpb_wrapper\">\n\t\t<h5 style=\"text-align: center;\">Rethymno Mare &amp; Water Park<\/h5>\n<h1 style=\"text-align: center;\">Veranstaltungen &amp; Feiern<\/h1>\n<p>&nbsp;<\/p>\n<p style=\"text-align: center;\">Von Traumhochzeiten bis hin zu Firmenfeiern bietet Rethymno Mare &amp; Water Park elegante Veranstaltungsorte und professionelle Unterst\u00fctzung f\u00fcr jeden Anlass.<\/p>\n\t<\/div>\n<\/div>\n\n\n\n\n\t\t\t<\/div> \n\t\t<\/div>\n\t<\/div> \n<\/div><\/div>\n\t\t<div id=\"fws_69e8f1dae2a59\"  data-column-margin=\"default\" data-midnight=\"dark\"  class=\"wpb_row vc_row-fluid vc_row full-width-section  left_padding_5pct\"  style=\"padding-top: 100px; padding-bottom: 100px; \"><div class=\"row-bg-wrap\" data-bg-animation=\"none\" data-bg-animation-delay=\"\" data-bg-overlay=\"false\"><div class=\"inner-wrap row-bg-layer\" ><div class=\"row-bg viewport-desktop\"  style=\"\"><\/div><\/div><\/div><div class=\"row_col_wrap_12 col span_12 dark left\">\n\t<div  class=\"vc_col-sm-12 wpb_column column_container vc_column_container col padding-3-percent inherit_tablet inherit_phone\"  data-padding-pos=\"all\" data-has-bg-color=\"false\" data-bg-color=\"\" data-bg-opacity=\"1\" data-animation=\"\" data-delay=\"0\" >\n\t\t<div class=\"vc_column-inner\" >\n\t\t\t<div class=\"wpb_wrapper\">\n\t\t\t\t\n<div class=\"wpb_text_column wpb_content_element  wpb_animate_when_almost_visible wpb_fadeInUp fadeInUp main-text-block\" >\n\t<div class=\"wpb_wrapper\">\n\t\t<p>RETHYMNO MARE &amp; WATER PARK \u2013 <em>Veranstaltungen &amp; Feiern<\/em><\/p>\n<h2>Feiern Sie wundersch\u00f6n. Planen Sie m\u00fchelos.<\/h2>\n<p>&nbsp;<\/p>\n<p>Das Resort verf\u00fcgt \u00fcber zwei voll klimatisierte Konferenzr\u00e4ume im Amphitheater-Stil, darunter den Saal \u201eAriadne\u201c mit einer Kapazit\u00e4t von 120 G\u00e4sten. F\u00fcr gr\u00f6\u00dfere Veranstaltungen bieten das griechisch inspirierte Open-Air-Amphitheater und die Terrassen am Pool Platz f\u00fcr bis zu 650 Teilnehmer \u2013 ideal f\u00fcr Hochzeiten, Jubil\u00e4en, Empf\u00e4nge oder gesch\u00e4ftliche Veranstaltungen. Unser erfahrenes Team ist hier, um mit jedem Detail zu helfen, von Layout und Logistik bis hin zu Men\u00fcs und Dekoration, um ein nahtloses und unvergessliches Erlebnis in einer inspirierenden Umgebung am Meer zu gew\u00e4hrleisten.<\/p>\n\t<\/div>\n<\/div>\n\n\n\n\n\t<div class=\"wpb_gallery wpb_content_element clearfix\">\n\t\t<div class=\"wpb_wrapper\"><div class=\"wpb_gallery_slidesflickity_static_height_style\" data-onclick=\"link_image\" data-interval=\"5\"><style>.wpb_gallery_slidesflickity_static_height_style .nectar-flickity.instace-69e8f1dae47d9:not(.masonry) .flickity-slider .cell img {\n      height: 400px;\n    }\n    @media only screen and (max-width: 1300px) {\n      .wpb_gallery_slidesflickity_static_height_style .nectar-flickity.instace-69e8f1dae47d9:not(.masonry) .flickity-slider .cell img {\n        height: 60vh;\n      }\n    }\n    @media only screen and (max-width: 1000px) {\n      .wpb_gallery_slidesflickity_static_height_style .nectar-flickity.instace-69e8f1dae47d9:not(.masonry) .flickity-slider .cell img {\n        height: 50vh;\n      }\n    }\n    @media only screen and (max-width: 690px) {\n      .wpb_gallery_slidesflickity_static_height_style .nectar-flickity.instace-69e8f1dae47d9:not(.masonry) .flickity-slider .cell img {\n        height: 350px;\n      }\n    }<\/style><div class=\"nectar-flickity not-initialized instace-69e8f1dae47d9 drag-indicator-only\" data-indicator-bg=\"#487A9A\" data-indicator-icon=\"#ffffff\"  data-touch-icon-color=\"default\" data-drag-scale=\"\" data-overflow=\"visible\" data-wrap=\"no-wrap\" data-spacing=\"10px\" data-shadow=\"none\" data-autoplay=\"true\" data-autoplay-dur=\"\" data-free-scroll=\"\" data-controls=\"touch_total\"><div class=\"flickity-viewport\"> <div class=\"flickity-slider\"><div class=\"cell\" data-lazy=\"false\"><div class=\"nectar-el-parallax-scroll\" data-scroll-animation=\"true\" data-scroll-animation-mobile=\"true\" data-scroll-animation-intensity=\"-1.15\" data-scroll-animation-lerp=\"1\"><div class=\"vc_column-inner\"><div class=\"img-wrap\"><\/div><\/div><\/div><a class=\"entire-slide-link\"  href=\"\"><\/a><\/div><div class=\"cell\" data-lazy=\"false\"><div class=\"nectar-el-parallax-scroll\" data-scroll-animation=\"true\" data-scroll-animation-mobile=\"true\" data-scroll-animation-intensity=\"-1.15\" data-scroll-animation-lerp=\"1\"><div class=\"vc_column-inner\"><div class=\"img-wrap\"><\/div><\/div><\/div><a class=\"entire-slide-link\"  href=\"\"><\/a><\/div><div class=\"cell\" data-lazy=\"false\"><div class=\"nectar-el-parallax-scroll\" data-scroll-animation=\"true\" data-scroll-animation-mobile=\"true\" data-scroll-animation-intensity=\"-1.15\" data-scroll-animation-lerp=\"1\"><div class=\"vc_column-inner\"><div class=\"img-wrap\"><\/div><\/div><\/div><a class=\"entire-slide-link\"  href=\"\"><\/a><\/div><\/div><\/div><\/div><\/div>\n\t\t<\/div> \n\t<\/div> \n\t\t\t<\/div> \n\t\t<\/div>\n\t<\/div> \n<\/div><\/div>","protected":false},"excerpt":{"rendered":"Rethymno Mare &amp; Water Park Events &amp; Celebrations Von Traumhochzeiten bis hin zu Firmenfeiern bietet Rethymno Mare &amp; Water Park elegante Veranstaltungsorte und professionelle Unterst\u00fctzung f\u00fcr jeden Anlass. RETHYMNO...","protected":false},"author":1,"featured_media":0,"parent":0,"menu_order":0,"comment_status":"closed","ping_status":"closed","template":"","meta":{"footnotes":""},"class_list":["post-730","page","type-page","status-publish"],"_links":{"self":[{"href":"https:\/\/rethymnomare.gr\/de\/wp-json\/wp\/v2\/pages\/730","targetHints":{"allow":["GET"]}}],"collection":[{"href":"https:\/\/rethymnomare.gr\/de\/wp-json\/wp\/v2\/pages"}],"about":[{"href":"https:\/\/rethymnomare.gr\/de\/wp-json\/wp\/v2\/types\/page"}],"author":[{"embeddable":true,"href":"https:\/\/rethymnomare.gr\/de\/wp-json\/wp\/v2\/users\/1"}],"replies":[{"embeddable":true,"href":"https:\/\/rethymnomare.gr\/de\/wp-json\/wp\/v2\/comments?post=730"}],"version-history":[{"count":9,"href":"https:\/\/rethymnomare.gr\/de\/wp-json\/wp\/v2\/pages\/730\/revisions"}],"predecessor-version":[{"id":1189,"href":"https:\/\/rethymnomare.gr\/de\/wp-json\/wp\/v2\/pages\/730\/revisions\/1189"}],"wp:attachment":[{"href":"https:\/\/rethymnomare.gr\/de\/wp-json\/wp\/v2\/media?parent=730"}],"curies":[{"name":"wp","href":"https:\/\/api.w.org\/{rel}","templated":true}]}}