
{"id":3,"date":"2025-06-30T07:37:34","date_gmt":"2025-06-30T07:37:34","guid":{"rendered":"https:\/\/rethymnomare.interbrain.gr\/?page_id=3"},"modified":"2025-07-31T22:45:26","modified_gmt":"2025-07-31T19:45:26","slug":"privacy-policy","status":"publish","type":"page","link":"https:\/\/rethymnomare.gr\/fr\/privacy-policy\/","title":{"rendered":"Politique de confidentialit\u00e9"},"content":{"rendered":"<h3 class=\"wp-block-heading\">Politique de confidentialit\u00e9 &amp; Conformit\u00e9 au RGPD<\/h3>\n\n\n\n<h4 class=\"wp-block-heading\">EN G\u00c9N\u00c9RALIT\u00c9S<\/h4>\n\n\n\n<p>L'utilisation de nos pages Web et des services fournis au visiteur sur le site rethymnomare.gr appartenant \u00e0 Rethymno Mare ci-apr\u00e8s \u00abla soci\u00e9t\u00e9\u00bb, n\u00e9cessite votre accord avec la politique de confidentialit\u00e9 de ce site. Par cons\u00e9quent, le visiteur doit lire attentivement le contenu de cette page avant d'utiliser les services de notre site Web. S'il n'est pas d'accord, il doit quitter ce site Web et NE JAMAIS utiliser ses services ou son contenu.<br>Cette politique de confidentialit\u00e9 peut changer de temps en temps selon la l\u00e9gislation applicable. Nous n\u2019informerons pas explicitement nos clients ou les utilisateurs de notre site de ces modifications. Au lieu de cela, nous vous recommandons de visiter occasionnellement cette page pour tout changement \u00e0 cette politique de confidentialit\u00e9. L'utilisation continue du site rethymnomare.gr m\u00eame apr\u00e8s toute modification de la politique de confidentialit\u00e9 implique l'acceptation inconditionnelle de ces conditions par vous.<\/p>\n\n\n\n<h4 class=\"wp-block-heading\">Confidentialit\u00e9 et protection des donn\u00e9es personnelles<\/h4>\n\n\n\n<p>Nous collectons et traitons vos donn\u00e9es personnelles uniquement lorsque cela est absolument n\u00e9cessaire.<br>Nous ne vendrons, ne louerons, ne distribuerons ou ne publierons en aucune fa\u00e7on vos donn\u00e9es personnelles.<br>Si vous avez moins de 16 ans, vous DEVEZ obtenir le consentement de vos parents avant d\u2019utiliser les services de ce site.<\/p>\n\n\n\n<h3 class=\"wp-block-heading\">L\u00e9gislation applicable<\/h3>\n\n\n\n<p>Outre les syst\u00e8mes informatiques internes de notre soci\u00e9t\u00e9, ce site est con\u00e7u pour respecter les lois\/r\u00e9glementations suivantes en mati\u00e8re de protection des donn\u00e9es \u00e0 caract\u00e8re personnel des utilisateurs:<\/p>\n\n\n\n<ol class=\"wp-block-list\">\n<li>Directive europ\u00e9enne sur la protection des donn\u00e9es (DPD de 1995)<\/li>\n\n\n\n<li>R\u00e8glement sur la protection g\u00e9n\u00e9rale des donn\u00e9es de l'UE (RGPD de l'ann\u00e9e 2018)<\/li>\n<\/ol>\n\n\n\n<h3 class=\"wp-block-heading\">Renseignements personnels recueillis par ce site et pourquoi nous les recueillons<\/h3>\n\n\n\n<p>Ce site recueille et utilise des renseignements personnels pour les raisons suivantes:<\/p>\n\n\n\n<h4 class=\"wp-block-heading\">Surveillance du trafic sur le site web<\/h4>\n\n\n\n<p>Comme la plupart des sites, ce site utilise Google Analytics (GA) pour suivre l'activit\u00e9 des utilisateurs. Nous utilisons ces donn\u00e9es pour d\u00e9terminer le nombre de visiteurs de notre site afin de mieux comprendre comment ils trouvent et utilisent nos pages Web. Bien que GA enregistre des donn\u00e9es telles que votre emplacement g\u00e9ographique, votre appareil, votre navigateur Web et votre syst\u00e8me d'exploitation, aucune de ces informations ne nous identifie. GA enregistre \u00e9galement l\u2019adresse IP de votre ordinateur, qui pourrait \u00eatre utilis\u00e9e pour vous identifier, mais Google n\u2019y donne pas acc\u00e8s. Nous pensons que Google est un troisi\u00e8me sous-traitant de donn\u00e9es conforme aux exigences de la l\u00e9gislation europ\u00e9enne.<\/p>\n\n\n\n<h4 class=\"wp-block-heading\">Formulaires de contact et liens e-mail<\/h4>\n\n\n\n<p>Si vous choisissez de nous contacter \u00e0 l'aide d'un formulaire de contact ou d'un lien \u00e9lectronique, aucune des donn\u00e9es que vous fournissez ne sera stock\u00e9e sur notre site ou transf\u00e9r\u00e9e ou trait\u00e9e par un processeur de donn\u00e9es tiers tel que d\u00e9fini ci-dessous dans la section \u00abNos processeurs de donn\u00e9es tiers\u00bb. Au lieu de cela, ces donn\u00e9es nous seront envoy\u00e9es via un protocole SMTP (Simple Mail Transfer Protocol). Nos serveurs SMTP sont prot\u00e9g\u00e9s par un protocole de s\u00e9curit\u00e9 TLS (\u00e9galement connu sous le nom de SSL), ce qui signifie que le contenu des e-mails est crypt\u00e9 avant d'\u00eatre envoy\u00e9 sur Internet. Le contenu de l'e-mail est d\u00e9chiffr\u00e9 par nos ordinateurs et appareils locaux.<\/p>\n\n\n\n<h4 class=\"wp-block-heading\">Bulletins d'information<\/h4>\n\n\n\n<p>Si vous choisissez de vous abonner \u00e0 notre newsletter, l'adresse e-mail que vous soumettez sera transmise \u00e0 MailChimp qui g\u00e8re nos services de marketing par e-mail. MailChimp est un processeur de donn\u00e9es tiers (voir \u00abNos processeurs de donn\u00e9es tiers\u00bb ci-dessous). Votre adresse e-mail ne sera stock\u00e9e dans aucune de nos bases de donn\u00e9es. Votre adresse e-mail restera dans la base de donn\u00e9es MailChimp aussi longtemps que nous continuerons \u00e0 utiliser nos services de marketing par e-mail ou jusqu'\u00e0 ce que vous demandiez explicitement \u00e0 \u00eatre retir\u00e9 de la liste de diffusion. Vous pouvez le faire en utilisant le lien de suppression contenu dans toutes les newsletters \u00e9lectroniques que nous vous envoyons. Tant que votre adresse e-mail reste dans la base de donn\u00e9es MailChimp, vous recevrez p\u00e9riodiquement (environ une fois par mois) des bulletins d'information par e-mail de notre part.<\/p>\n\n\n\n<h3 class=\"wp-block-heading\">\u00c0 propos des cookies<\/h3>\n\n\n\n<h4 class=\"wp-block-heading\">Qu'est-ce qu'un cookie?<\/h4>\n\n\n\n<p>Le terme \u00abcookie\u00bb d\u00e9signe un petit fichier de donn\u00e9es constitu\u00e9 uniquement d\u2019un ensemble d\u2019informations textuelles que le site transmet au navigateur web sur le disque dur de votre ordinateur, soit temporairement tout au long de votre visite, soit parfois pour des p\u00e9riodes plus longues, selon le type de cookie. Les cookies effectuent diff\u00e9rentes op\u00e9rations (par exemple, vous vous distinguez des visiteurs d\u2019autres sites ou vous souvenez de certaines informations pour vous, comme vos pr\u00e9f\u00e9rences) et sont utilis\u00e9s par la plupart des sites web pour am\u00e9liorer votre exp\u00e9rience utilisateur.<br>Chaque cookie est unique \u00e0 votre navigateur et contient des informations anonymes. Un cookie contient g\u00e9n\u00e9ralement le nom du champ cookie, la dur\u00e9e de vie du cookie et une valeur (g\u00e9n\u00e9ralement sous la forme d\u2019un num\u00e9ro unique g\u00e9n\u00e9r\u00e9 de mani\u00e8re al\u00e9atoire).<\/p>\n\n\n\n<h4 class=\"wp-block-heading\">Types de cookies<\/h4>\n\n\n\n<p>Les types de cookies de base sont d\u00e9crits ci-dessous.<\/p>\n\n\n\n<ul class=\"wp-block-list\">\n<li>Cookies de session Ce sont des cookies temporaires qui restent dans le fichier cookie du navigateur de votre appareil uniquement pendant votre visite et qui sont supprim\u00e9s lorsque vous fermez le navigateur.<\/li>\n\n\n\n<li>Cookies persistants Ceux-ci restent dans le fichier cookie du navigateur de votre appareil m\u00eame apr\u00e8s la fermeture du navigateur, parfois pendant un an ou plus (la dur\u00e9e exacte de s\u00e9jour d\u00e9pend de la dur\u00e9e de vie de chaque cookie). Les cookies permanents sont utilis\u00e9s lorsque l'administrateur du site peut avoir besoin de savoir qui vous \u00eates pour plus d'une visite (par exemple, pour se souvenir de votre nom d'utilisateur ou de vos pr\u00e9f\u00e9rences de configuration du site).<\/li>\n\n\n\n<li>Il s'agit de cookies install\u00e9s sur votre navigateur et\/ou sur le disque dur de votre appareil \u00e0 partir du site que vous visitez. Cela inclut l'attribution d'un identifiant unique pour vous, afin de surveiller la navigation de votre site. Les cr\u00e9ateurs de sites utilisent souvent des cookies internes pour g\u00e9rer les visites et \u00e0 des fins d'identification.<\/li>\n\n\n\n<li>Il s'agit de cookies utilis\u00e9s par des tiers, tels que les r\u00e9seaux sociaux, pour suivre vos visites sur les diff\u00e9rents sites qu'ils annoncent. L'administrateur du site n'a aucun contr\u00f4le sur ces cookies tiers.<\/li>\n<\/ul>\n\n\n\n<h4 class=\"wp-block-heading\">Cookies sur ce site et comment les g\u00e9rer<\/h4>\n\n\n\n<p>Sur ce site, nous utilisons des cookies pour am\u00e9liorer votre exp\u00e9rience utilisateur. La fonctionnalit\u00e9 du site sera consid\u00e9rablement affect\u00e9e si vous d\u00e9sactivez ou n'\u00eates pas d'accord avec l'utilisation des cookies.<br>Voir les informations suivantes sur les cookies tiers que nous utilisons sur ce site, y compris la mani\u00e8re de les d\u00e9sactiver et l\u2019effet de la d\u00e9sactivation sur les fonctionnalit\u00e9s du site. Si vous avez besoin d'aide sur la fa\u00e7on de g\u00e9rer certains types de cookies, y compris la fa\u00e7on de les v\u00e9rifier ou de les supprimer, veuillez visiter <a href=\"http:\/\/www.aboutcookies.org\">www.aboutcookies.org<\/a>.<\/p>\n\n\n\n<h4 class=\"wp-block-heading\">Cookies de Google Analytics<\/h4>\n\n\n\n<p>Les cookies de Google Analytics sont des cookies d'analyse de performance\/d'enregistrement qui nous permettent de collecter des informations anonymes sur la fa\u00e7on dont les visiteurs utilisent notre site. Ces cookies peuvent nous informer sur le nombre de visiteurs qui utilisent le site, l\u2019heure et la dur\u00e9e de la visite, ainsi que sur la mani\u00e8re dont les visiteurs naviguent sur le site. Ces informations nous aident \u00e0 am\u00e9liorer le fonctionnement de notre site. Ce sont des informations anonymes et ne contiennent pas d'informations personnelles.<br>Les informations collect\u00e9es par les cookies de Google Analytics sur notre site sont transf\u00e9r\u00e9es et stock\u00e9es sur les serveurs de Google conform\u00e9ment \u00e0 la politique de confidentialit\u00e9 de Google.<br>Pour plus d'informations sur Google Analytics, veuillez visiter <a href=\"https:\/\/support.google.com\/analytics\/answer\/6004245\">https:\/\/support.google.com\/analytics\/answer\/6004245<\/a><br>Vous pouvez d\u00e9sactiver le suivi Google Analytics en regardant <a href=\"https:\/\/tools.google.com\/dlpage\/gaoptout?hl=en=GB\">https:\/\/tools.go ogle.com\/dlpa ge\/gaoptout?hl =fr=GB<\/a><br>Si vous d\u00e9sactivez ces cookies, votre activit\u00e9 ne sera pas comptabilis\u00e9e ou utilis\u00e9e dans les statistiques que nous collectons pour am\u00e9liorer les services que nous fournissons via ce site. La fonctionnalit\u00e9 du site Web ne sera pas affect\u00e9e.<\/p>\n\n\n\n<h4 class=\"wp-block-heading\">Cookies des fournisseurs de vid\u00e9os<\/h4>\n\n\n\n<p>Les fournisseurs de vid\u00e9os peuvent placer des cookies sur votre appareil si vous regardez leur vid\u00e9o sur notre site.<br>Si vous d\u00e9sactivez ces cookies, vous ne pourrez peut-\u00eatre pas voir les vid\u00e9os int\u00e9gr\u00e9es sur notre site.<\/p>\n\n\n\n<h4 class=\"wp-block-heading\">Cookies des r\u00e9seaux sociaux<\/h4>\n\n\n\n<p>Les r\u00e9seaux sociaux tiers peuvent placer des cookies sur votre appareil si vous choisissez de partager une page Web de notre site avec un autre site de r\u00e9seau social tiers, en cliquant sur l'un des boutons \u00abpartager\u00bb.<br>Si vous d\u00e9sactivez ces cookies, vous ne pourrez partager aucun de nos contenus avec des r\u00e9seaux sociaux tiers.<\/p>\n\n\n\n<h3 class=\"wp-block-heading\">\u00c0 propos du serveur web de ce site<\/h3>\n\n\n\n<p>Tout le trafic Web (transfert de fichiers) entre ce site et votre navigateur est crypt\u00e9 et transf\u00e9r\u00e9 via le protocole HTTPS \u00e0 l'aide de Secure Sockets Layer (SSL).<\/p>\n\n\n\n<h3 class=\"wp-block-heading\">Sous-traitants tiers de donn\u00e9es \u00e0 caract\u00e8re personnel<\/h3>\n\n\n\n<p>Nous utilisons un certain nombre de tiers pour traiter des donn\u00e9es personnelles pour nous. Ces sous-traitants de donn\u00e9es \u00e0 caract\u00e8re personnel tiers ont \u00e9t\u00e9 soigneusement s\u00e9lectionn\u00e9s pour se conformer \u00e0 la l\u00e9gislation mentionn\u00e9e dans le pr\u00e9sent document.<\/p>\n\n\n\n<h3 class=\"wp-block-heading\">Violations de donn\u00e9es<\/h3>\n\n\n\n<p>Pour toutes vos informations personnelles stock\u00e9es dans notre base de donn\u00e9es, toutes les mesures n\u00e9cessaires seront prises pour \u00eatre s\u00e9curis\u00e9es autant que possible.<br>Nous signalerons toute violation ill\u00e9gale de notre base de donn\u00e9es ou de toute base de donn\u00e9es de traitement de donn\u00e9es de tiers \u00e0 toutes les parties prenantes concern\u00e9es ainsi qu'aux autorit\u00e9s dans les 72 heures suivant la violation, s'il est \u00e9vident que les donn\u00e9es personnelles stock\u00e9es sous une forme reconnaissable ont \u00e9t\u00e9 vol\u00e9es.<\/p>\n\n\n\n<h3 class=\"wp-block-heading\">D\u00e9l\u00e9gu\u00e9 \u00e0 la protection des donn\u00e9es<\/h3>\n\n\n\n<p>Le d\u00e9l\u00e9gu\u00e9 \u00e0 la protection des donn\u00e9es (DPD) de ce site est: \u00abRethymno Mare\u00bb<\/p>","protected":false},"excerpt":{"rendered":"<p>Politique de confidentialit\u00e9 &amp; Conformit\u00e9 GDPR EN G\u00c9N\u00c9RAL L'utilisation de nos pages Web et les services fournis au visiteur sur le site rethymnomare.gr appartenant \u00e0 Rethymno Mare ci-apr\u00e8s \u00ab...<\/p>","protected":false},"author":1,"featured_media":0,"parent":0,"menu_order":0,"comment_status":"closed","ping_status":"open","template":"","meta":{"footnotes":""},"class_list":["post-3","page","type-page","status-publish"],"_links":{"self":[{"href":"https:\/\/rethymnomare.gr\/fr\/wp-json\/wp\/v2\/pages\/3","targetHints":{"allow":["GET"]}}],"collection":[{"href":"https:\/\/rethymnomare.gr\/fr\/wp-json\/wp\/v2\/pages"}],"about":[{"href":"https:\/\/rethymnomare.gr\/fr\/wp-json\/wp\/v2\/types\/page"}],"author":[{"embeddable":true,"href":"https:\/\/rethymnomare.gr\/fr\/wp-json\/wp\/v2\/users\/1"}],"replies":[{"embeddable":true,"href":"https:\/\/rethymnomare.gr\/fr\/wp-json\/wp\/v2\/comments?post=3"}],"version-history":[{"count":1,"href":"https:\/\/rethymnomare.gr\/fr\/wp-json\/wp\/v2\/pages\/3\/revisions"}],"predecessor-version":[{"id":651,"href":"https:\/\/rethymnomare.gr\/fr\/wp-json\/wp\/v2\/pages\/3\/revisions\/651"}],"wp:attachment":[{"href":"https:\/\/rethymnomare.gr\/fr\/wp-json\/wp\/v2\/media?parent=3"}],"curies":[{"name":"wp","href":"https:\/\/api.w.org\/{rel}","templated":true}]}}