
{"id":662,"date":"2025-08-06T14:12:26","date_gmt":"2025-08-06T11:12:26","guid":{"rendered":"https:\/\/rethymnomare.interbrain.gr\/?page_id=662"},"modified":"2025-08-25T16:13:32","modified_gmt":"2025-08-25T13:13:32","slug":"about","status":"publish","type":"page","link":"https:\/\/rethymnomare.gr\/fr\/about\/","title":{"rendered":"\u00c0 propos de nous"},"content":{"rendered":"<div id=\"fws_69eb57857c476\"  data-column-margin=\"default\" data-midnight=\"light\"  class=\"wpb_row vc_row-fluid vc_row full-width-content vc_row-o-full-height vc_row-o-columns-middle vc_row-o-equal-height vc_row-flex vc_row-o-content-top\"  style=\"padding-top: 0px; padding-bottom: 0px; \"><div class=\"row-bg-wrap\" data-bg-animation=\"none\" data-bg-animation-delay=\"\" data-bg-overlay=\"true\"><div class=\"inner-wrap row-bg-layer using-image\" ><div class=\"row-bg viewport-desktop using-image\"  style=\"background-image: url(https:\/\/rethymnomare.gr\/wp-content\/uploads\/2025\/07\/Lobby-Rethymno-Mare-Water-Park.jpg); background-position: center center; background-repeat: no-repeat; \"><\/div><\/div><div class=\"row-bg-overlay row-bg-layer\" style=\"background-color:#000000;  opacity: 0.5; \"><\/div><\/div><div class=\"row_col_wrap_12 col span_12 light left\">\n\t<div  class=\"vc_col-sm-12 wpb_column column_container vc_column_container col no-extra-padding right_margin_300px left_margin_300px right_margin_tablet_10px left_margin_tablet_10px inherit_tablet inherit_phone\"  data-padding-pos=\"all\" data-has-bg-color=\"false\" data-bg-color=\"\" data-bg-opacity=\"1\" data-animation=\"\" data-delay=\"0\" >\n\t\t<div class=\"vc_column-inner\" >\n\t\t\t<div class=\"wpb_wrapper\">\n\t\t\t\t\n<div class=\"wpb_text_column wpb_content_element\" >\n\t<div class=\"wpb_wrapper\">\n\t\t<h5 style=\"text-align: center;\">Rethymno Mare &amp; Rethymno Mare Royal<\/h5>\n<h1 style=\"text-align: center;\">\u00c0 propos de nous<\/h1>\n<p>&nbsp;<\/p>\n<p style=\"text-align: center;\">Rethymno Mare &amp; Water Park and Rethymno Mare Royal &amp; Water Park<br \/>\nsont deux h\u00f4tels cinq \u00e9toiles situ\u00e9s dans le m\u00eame complexe baln\u00e9aire, en<br \/>\nla zone de (Skaleta, R\u00e9thymnon).<\/p>\n\t<\/div>\n<\/div>\n\n\n\n\n\t\t\t<\/div> \n\t\t<\/div>\n\t<\/div> \n<\/div><\/div>\n\t\t<div id=\"fws_69eb578586b89\"  data-column-margin=\"default\" data-midnight=\"dark\"  class=\"wpb_row vc_row-fluid vc_row full-width-section  left_padding_5pct\"  style=\"padding-top: 100px; padding-bottom: 100px; \"><div class=\"row-bg-wrap\" data-bg-animation=\"none\" data-bg-animation-delay=\"\" data-bg-overlay=\"false\"><div class=\"inner-wrap row-bg-layer\" ><div class=\"row-bg viewport-desktop\"  style=\"\"><\/div><\/div><\/div><div class=\"row_col_wrap_12 col span_12 dark left\">\n\t<div  class=\"vc_col-sm-12 wpb_column column_container vc_column_container col padding-3-percent inherit_tablet inherit_phone\"  data-padding-pos=\"all\" data-has-bg-color=\"false\" data-bg-color=\"\" data-bg-opacity=\"1\" data-animation=\"\" data-delay=\"0\" >\n\t\t<div class=\"vc_column-inner\" >\n\t\t\t<div class=\"wpb_wrapper\">\n\t\t\t\t\n<div class=\"wpb_text_column wpb_content_element  wpb_animate_when_almost_visible wpb_fadeInUp fadeInUp main-text-block\" >\n\t<div class=\"wpb_wrapper\">\n\t\t<p>RETHYMNO MARE &amp; WATER PARK \u2013 <em>\u00c0 propos de nous<\/em><\/p>\n<h2>Vues panoramiques &amp; Confort<\/h2>\n<p>&nbsp;<\/p>\n<p>Offrant une vue panoramique sur la mer de Cr\u00e8te, nos h\u00f4tels offrent confort et d\u00e9tente \u00e0 tous les types de clients: familles, couples, groupes d'amis et voyageurs en solo. Le parc aquatique moderne est l\u2019un des points forts de la station, avec des toboggans aquatiques palpitants, une piscine pour enfants, des zones de jeux et beaucoup de plaisir dans l\u2019eau pour tous les \u00e2ges.<\/p>\n<p>Vous pourrez \u00e9galement profiter de piscines ext\u00e9rieures, de restaurants, de bars, d'une plage priv\u00e9e avec parasols et chaises longues et d'une gamme compl\u00e8te de services con\u00e7us pour des vacances sans soucis. Rethymno Mare &amp; Water Park combine l'hospitalit\u00e9 cr\u00e9toise authentique avec des installations modernes et une atmosph\u00e8re accueillante, ce qui en fait la destination id\u00e9ale pour tous ceux qui cherchent \u00e0 profiter au maximum de leur s\u00e9jour en Cr\u00e8te.<\/p>\n\t<\/div>\n<\/div>\n\n\n\n\n\t<div class=\"wpb_gallery wpb_content_element clearfix\">\n\t\t<div class=\"wpb_wrapper\"><div class=\"wpb_gallery_slidesflickity_static_height_style\" data-onclick=\"link_image\" data-interval=\"5\"><style>.wpb_gallery_slidesflickity_static_height_style .nectar-flickity.instace-69eb57858879b:not(.masonry) .flickity-slider .cell img {\n      height: 400px;\n    }\n    @media only screen and (max-width: 1300px) {\n      .wpb_gallery_slidesflickity_static_height_style .nectar-flickity.instace-69eb57858879b:not(.masonry) .flickity-slider .cell img {\n        height: 60vh;\n      }\n    }\n    @media only screen and (max-width: 1000px) {\n      .wpb_gallery_slidesflickity_static_height_style .nectar-flickity.instace-69eb57858879b:not(.masonry) .flickity-slider .cell img {\n        height: 50vh;\n      }\n    }\n    @media only screen and (max-width: 690px) {\n      .wpb_gallery_slidesflickity_static_height_style .nectar-flickity.instace-69eb57858879b:not(.masonry) .flickity-slider .cell img {\n        height: 350px;\n      }\n    }<\/style><div class=\"nectar-flickity not-initialized instace-69eb57858879b drag-indicator-only\" data-indicator-bg=\"#487A9A\" data-indicator-icon=\"#ffffff\"  data-touch-icon-color=\"default\" data-drag-scale=\"\" data-overflow=\"visible\" data-wrap=\"no-wrap\" data-spacing=\"10px\" data-shadow=\"none\" data-autoplay=\"true\" data-autoplay-dur=\"\" data-free-scroll=\"\" data-controls=\"touch_total\"><div class=\"flickity-viewport\"> <div class=\"flickity-slider\"><div class=\"cell\" data-lazy=\"false\"><div class=\"nectar-el-parallax-scroll\" data-scroll-animation=\"true\" data-scroll-animation-mobile=\"true\" data-scroll-animation-intensity=\"-1.15\" data-scroll-animation-lerp=\"1\"><div class=\"vc_column-inner\"><div class=\"img-wrap\"><img loading=\"lazy\" decoding=\"async\" width=\"1024\" height=\"768\" src=\"https:\/\/rethymnomare.gr\/wp-content\/uploads\/2025\/07\/Rethymno-Mare-Drone-3-1024x768.jpg\" class=\"skip-lazy nectar-lazy attachment-large\" alt=\"\" title=\"d\u00e9faut\" srcset=\"https:\/\/rethymnomare.gr\/wp-content\/uploads\/2025\/07\/Rethymno-Mare-Drone-3-1024x768.jpg 1024w, https:\/\/rethymnomare.gr\/wp-content\/uploads\/2025\/07\/Rethymno-Mare-Drone-3-300x225.jpg 300w, https:\/\/rethymnomare.gr\/wp-content\/uploads\/2025\/07\/Rethymno-Mare-Drone-3-768x576.jpg 768w, https:\/\/rethymnomare.gr\/wp-content\/uploads\/2025\/07\/Rethymno-Mare-Drone-3-1536x1152.jpg 1536w, https:\/\/rethymnomare.gr\/wp-content\/uploads\/2025\/07\/Rethymno-Mare-Drone-3.jpg 1867w\" sizes=\"auto, (max-width: 1024px) 100vw, 1024px\" \/><\/div><\/div><\/div><a class=\"entire-slide-link\"  href=\"https:\/\/rethymnomare.gr\/wp-content\/uploads\/2025\/07\/Rethymno-Mare-Drone-3.jpg\"><\/a><\/div><div class=\"cell\" data-lazy=\"false\"><div class=\"nectar-el-parallax-scroll\" data-scroll-animation=\"true\" data-scroll-animation-mobile=\"true\" data-scroll-animation-intensity=\"-1.15\" data-scroll-animation-lerp=\"1\"><div class=\"vc_column-inner\"><div class=\"img-wrap\"><img loading=\"lazy\" decoding=\"async\" width=\"1024\" height=\"683\" src=\"https:\/\/rethymnomare.gr\/wp-content\/uploads\/2025\/07\/OUT-DOOR-FITNESS-2-1024x683.jpg\" class=\"skip-lazy nectar-lazy attachment-large\" alt=\"\" title=\"COMP\u00c9TENCE EXT\u00c9RIEURE DE LA PORTE (2)\" srcset=\"https:\/\/rethymnomare.gr\/wp-content\/uploads\/2025\/07\/OUT-DOOR-FITNESS-2-1024x683.jpg 1024w, https:\/\/rethymnomare.gr\/wp-content\/uploads\/2025\/07\/OUT-DOOR-FITNESS-2-300x200.jpg 300w, https:\/\/rethymnomare.gr\/wp-content\/uploads\/2025\/07\/OUT-DOOR-FITNESS-2-768x512.jpg 768w, https:\/\/rethymnomare.gr\/wp-content\/uploads\/2025\/07\/OUT-DOOR-FITNESS-2-1536x1024.jpg 1536w, https:\/\/rethymnomare.gr\/wp-content\/uploads\/2025\/07\/OUT-DOOR-FITNESS-2-900x600.jpg 900w, https:\/\/rethymnomare.gr\/wp-content\/uploads\/2025\/07\/OUT-DOOR-FITNESS-2.jpg 1900w\" sizes=\"auto, (max-width: 1024px) 100vw, 1024px\" \/><\/div><\/div><\/div><a class=\"entire-slide-link\"  href=\"https:\/\/rethymnomare.gr\/wp-content\/uploads\/2025\/07\/OUT-DOOR-FITNESS-2.jpg\"><\/a><\/div><div class=\"cell\" data-lazy=\"false\"><div class=\"nectar-el-parallax-scroll\" data-scroll-animation=\"true\" data-scroll-animation-mobile=\"true\" data-scroll-animation-intensity=\"-1.15\" data-scroll-animation-lerp=\"1\"><div class=\"vc_column-inner\"><div class=\"img-wrap\"><img loading=\"lazy\" decoding=\"async\" width=\"1024\" height=\"683\" src=\"https:\/\/rethymnomare.gr\/wp-content\/uploads\/2025\/07\/AMPHITHEATER-PRO_9395-1024x683.jpg\" class=\"skip-lazy nectar-lazy attachment-large\" alt=\"\" title=\"AMPHITHEATER PRO_9395\" srcset=\"https:\/\/rethymnomare.gr\/wp-content\/uploads\/2025\/07\/AMPHITHEATER-PRO_9395-1024x683.jpg 1024w, https:\/\/rethymnomare.gr\/wp-content\/uploads\/2025\/07\/AMPHITHEATER-PRO_9395-300x200.jpg 300w, https:\/\/rethymnomare.gr\/wp-content\/uploads\/2025\/07\/AMPHITHEATER-PRO_9395-768x512.jpg 768w, https:\/\/rethymnomare.gr\/wp-content\/uploads\/2025\/07\/AMPHITHEATER-PRO_9395-1536x1024.jpg 1536w, https:\/\/rethymnomare.gr\/wp-content\/uploads\/2025\/07\/AMPHITHEATER-PRO_9395-900x600.jpg 900w, https:\/\/rethymnomare.gr\/wp-content\/uploads\/2025\/07\/AMPHITHEATER-PRO_9395.jpg 1900w\" sizes=\"auto, (max-width: 1024px) 100vw, 1024px\" \/><\/div><\/div><\/div><a class=\"entire-slide-link\"  href=\"https:\/\/rethymnomare.gr\/wp-content\/uploads\/2025\/07\/AMPHITHEATER-PRO_9395.jpg\"><\/a><\/div><div class=\"cell\" data-lazy=\"false\"><div class=\"nectar-el-parallax-scroll\" data-scroll-animation=\"true\" data-scroll-animation-mobile=\"true\" data-scroll-animation-intensity=\"-1.15\" data-scroll-animation-lerp=\"1\"><div class=\"vc_column-inner\"><div class=\"img-wrap\"><img loading=\"lazy\" decoding=\"async\" width=\"1024\" height=\"768\" src=\"https:\/\/rethymnomare.gr\/wp-content\/uploads\/2025\/07\/IMG_7340-1024x768.jpg\" class=\"skip-lazy nectar-lazy attachment-large\" alt=\"\" title=\"IMG_7340\" srcset=\"https:\/\/rethymnomare.gr\/wp-content\/uploads\/2025\/07\/IMG_7340-1024x768.jpg 1024w, https:\/\/rethymnomare.gr\/wp-content\/uploads\/2025\/07\/IMG_7340-300x225.jpg 300w, https:\/\/rethymnomare.gr\/wp-content\/uploads\/2025\/07\/IMG_7340-768x576.jpg 768w, https:\/\/rethymnomare.gr\/wp-content\/uploads\/2025\/07\/IMG_7340-1536x1152.jpg 1536w, https:\/\/rethymnomare.gr\/wp-content\/uploads\/2025\/07\/IMG_7340.jpg 1867w\" sizes=\"auto, (max-width: 1024px) 100vw, 1024px\" \/><\/div><\/div><\/div><a class=\"entire-slide-link\"  href=\"https:\/\/rethymnomare.gr\/wp-content\/uploads\/2025\/07\/IMG_7340.jpg\"><\/a><\/div><div class=\"cell\" data-lazy=\"false\"><div class=\"nectar-el-parallax-scroll\" data-scroll-animation=\"true\" data-scroll-animation-mobile=\"true\" data-scroll-animation-intensity=\"-1.15\" data-scroll-animation-lerp=\"1\"><div class=\"vc_column-inner\"><div class=\"img-wrap\"><\/div><\/div><\/div><a class=\"entire-slide-link\"  href=\"\"><\/a><\/div><div class=\"cell\" data-lazy=\"false\"><div class=\"nectar-el-parallax-scroll\" data-scroll-animation=\"true\" data-scroll-animation-mobile=\"true\" data-scroll-animation-intensity=\"-1.15\" data-scroll-animation-lerp=\"1\"><div class=\"vc_column-inner\"><div class=\"img-wrap\"><\/div><\/div><\/div><a class=\"entire-slide-link\"  href=\"\"><\/a><\/div><div class=\"cell\" data-lazy=\"false\"><div class=\"nectar-el-parallax-scroll\" data-scroll-animation=\"true\" data-scroll-animation-mobile=\"true\" data-scroll-animation-intensity=\"-1.15\" data-scroll-animation-lerp=\"1\"><div class=\"vc_column-inner\"><div class=\"img-wrap\"><img loading=\"lazy\" decoding=\"async\" width=\"1024\" height=\"768\" src=\"https:\/\/rethymnomare.gr\/wp-content\/uploads\/2025\/07\/lBEACH2-1024x768.jpg\" class=\"skip-lazy nectar-lazy attachment-large\" alt=\"\" title=\"lBEACH2\" srcset=\"https:\/\/rethymnomare.gr\/wp-content\/uploads\/2025\/07\/lBEACH2-1024x768.jpg 1024w, https:\/\/rethymnomare.gr\/wp-content\/uploads\/2025\/07\/lBEACH2-300x225.jpg 300w, https:\/\/rethymnomare.gr\/wp-content\/uploads\/2025\/07\/lBEACH2-768x576.jpg 768w, https:\/\/rethymnomare.gr\/wp-content\/uploads\/2025\/07\/lBEACH2-1536x1152.jpg 1536w, https:\/\/rethymnomare.gr\/wp-content\/uploads\/2025\/07\/lBEACH2.jpg 1867w\" sizes=\"auto, (max-width: 1024px) 100vw, 1024px\" \/><\/div><\/div><\/div><a class=\"entire-slide-link\"  href=\"https:\/\/rethymnomare.gr\/wp-content\/uploads\/2025\/07\/lBEACH2.jpg\"><\/a><\/div><div class=\"cell\" data-lazy=\"false\"><div class=\"nectar-el-parallax-scroll\" data-scroll-animation=\"true\" data-scroll-animation-mobile=\"true\" data-scroll-animation-intensity=\"-1.15\" data-scroll-animation-lerp=\"1\"><div class=\"vc_column-inner\"><div class=\"img-wrap\"><img loading=\"lazy\" decoding=\"async\" width=\"1024\" height=\"682\" src=\"https:\/\/rethymnomare.gr\/wp-content\/uploads\/2025\/07\/IMG_9918-1024x682.jpg\" class=\"skip-lazy nectar-lazy attachment-large\" alt=\"\" title=\"IMG_9918\" srcset=\"https:\/\/rethymnomare.gr\/wp-content\/uploads\/2025\/07\/IMG_9918-1024x682.jpg 1024w, https:\/\/rethymnomare.gr\/wp-content\/uploads\/2025\/07\/IMG_9918-300x200.jpg 300w, https:\/\/rethymnomare.gr\/wp-content\/uploads\/2025\/07\/IMG_9918-768x512.jpg 768w, https:\/\/rethymnomare.gr\/wp-content\/uploads\/2025\/07\/IMG_9918-1536x1023.jpg 1536w, https:\/\/rethymnomare.gr\/wp-content\/uploads\/2025\/07\/IMG_9918-900x600.jpg 900w, https:\/\/rethymnomare.gr\/wp-content\/uploads\/2025\/07\/IMG_9918.jpg 1900w\" sizes=\"auto, (max-width: 1024px) 100vw, 1024px\" \/><\/div><\/div><\/div><a class=\"entire-slide-link\"  href=\"https:\/\/rethymnomare.gr\/wp-content\/uploads\/2025\/07\/IMG_9918.jpg\"><\/a><\/div><div class=\"cell\" data-lazy=\"false\"><div class=\"nectar-el-parallax-scroll\" data-scroll-animation=\"true\" data-scroll-animation-mobile=\"true\" data-scroll-animation-intensity=\"-1.15\" data-scroll-animation-lerp=\"1\"><div class=\"vc_column-inner\"><div class=\"img-wrap\"><\/div><\/div><\/div><a class=\"entire-slide-link\"  href=\"\"><\/a><\/div><div class=\"cell\" data-lazy=\"false\"><div class=\"nectar-el-parallax-scroll\" data-scroll-animation=\"true\" data-scroll-animation-mobile=\"true\" data-scroll-animation-intensity=\"-1.15\" data-scroll-animation-lerp=\"1\"><div class=\"vc_column-inner\"><div class=\"img-wrap\"><img loading=\"lazy\" decoding=\"async\" width=\"1024\" height=\"683\" src=\"https:\/\/rethymnomare.gr\/wp-content\/uploads\/2025\/07\/Lobby-Rethymno-Mare-Water-Park-1024x683.jpg\" class=\"skip-lazy nectar-lazy attachment-large\" alt=\"\" title=\"Lobby Rethymno Mare &amp; Parc aquatique\" srcset=\"https:\/\/rethymnomare.gr\/wp-content\/uploads\/2025\/07\/Lobby-Rethymno-Mare-Water-Park-1024x683.jpg 1024w, https:\/\/rethymnomare.gr\/wp-content\/uploads\/2025\/07\/Lobby-Rethymno-Mare-Water-Park-300x200.jpg 300w, https:\/\/rethymnomare.gr\/wp-content\/uploads\/2025\/07\/Lobby-Rethymno-Mare-Water-Park-768x513.jpg 768w, https:\/\/rethymnomare.gr\/wp-content\/uploads\/2025\/07\/Lobby-Rethymno-Mare-Water-Park-1536x1025.jpg 1536w, https:\/\/rethymnomare.gr\/wp-content\/uploads\/2025\/07\/Lobby-Rethymno-Mare-Water-Park-900x600.jpg 900w, https:\/\/rethymnomare.gr\/wp-content\/uploads\/2025\/07\/Lobby-Rethymno-Mare-Water-Park.jpg 1900w\" sizes=\"auto, (max-width: 1024px) 100vw, 1024px\" \/><\/div><\/div><\/div><a class=\"entire-slide-link\"  href=\"https:\/\/rethymnomare.gr\/wp-content\/uploads\/2025\/07\/Lobby-Rethymno-Mare-Water-Park.jpg\"><\/a><\/div><\/div><\/div><\/div><\/div>\n\t\t<\/div> \n\t<\/div> \n\t\t\t<\/div> \n\t\t<\/div>\n\t<\/div> \n<\/div><\/div>\n\t\t<div id=\"fws_69eb578610546\"  data-column-margin=\"default\" data-midnight=\"dark\"  class=\"wpb_row vc_row-fluid vc_row full-width-section vc_row-o-equal-height vc_row-flex vc_row-o-content-middle\"  style=\"padding-top: 0px; padding-bottom: 100px; \"><div class=\"row-bg-wrap\" data-bg-animation=\"none\" data-bg-animation-delay=\"\" data-bg-overlay=\"false\"><div class=\"inner-wrap row-bg-layer\" ><div class=\"row-bg viewport-desktop\"  style=\"\"><\/div><\/div><\/div><div class=\"row_col_wrap_12 col span_12 dark left\">\n\t<div  class=\"vc_col-sm-12 wpb_column column_container vc_column_container col no-extra-padding inherit_tablet inherit_phone\"  data-padding-pos=\"all\" data-has-bg-color=\"false\" data-bg-color=\"\" data-bg-opacity=\"1\" data-animation=\"\" data-delay=\"0\" >\n\t\t<div class=\"vc_column-inner\" >\n\t\t\t<div class=\"wpb_wrapper\">\n\t\t\t\t<div id=\"fws_69eb57861112c\" data-midnight=\"\" data-column-margin=\"default\" class=\"wpb_row vc_row-fluid vc_row inner_row vc_row-o-equal-height vc_row-flex vc_row-o-content-middle\"  style=\"\"><div class=\"row-bg-wrap\"> <div class=\"row-bg\" ><\/div> <\/div><div class=\"row_col_wrap_12_inner col span_12  left\">\n\t<div  class=\"vc_col-sm-8 wpb_column column_container vc_column_container col child_column no-extra-padding inherit_tablet inherit_phone\"   data-padding-pos=\"all\" data-has-bg-color=\"false\" data-bg-color=\"\" data-bg-opacity=\"1\" data-animation=\"\" data-delay=\"0\" >\n\t\t<div class=\"vc_column-inner\" >\n\t\t<div class=\"wpb_wrapper\">\n\t\t\t\n<div class=\"wpb_text_column wpb_content_element\" >\n\t<div class=\"wpb_wrapper\">\n\t\t<p>D\u00c9COUVREZ NOTRE LIEU<\/p>\n<h2>Rethymno Mare &amp; Water Park <em>Emplacement &amp; Cartes<\/em><\/h2>\n\t<\/div>\n<\/div>\n\n\n\n\n\t\t<\/div> \n\t<\/div>\n\t<\/div> \n\n\t<div  class=\"vc_col-sm-4 wpb_column column_container vc_column_container col child_column no-extra-padding inherit_tablet inherit_phone\"   data-padding-pos=\"all\" data-has-bg-color=\"false\" data-bg-color=\"\" data-bg-opacity=\"1\" data-animation=\"\" data-delay=\"0\" >\n\t\t<div class=\"vc_column-inner\" >\n\t\t<div class=\"wpb_wrapper\">\n\t\t\t\n\t\t<\/div> \n\t<\/div>\n\t<\/div> \n<\/div><\/div><div id=\"fws_69eb5786121a1\" data-midnight=\"\" data-column-margin=\"default\" class=\"wpb_row vc_row-fluid vc_row inner_row vc_row-o-equal-height vc_row-flex vc_row-o-content-middle\"  style=\"padding-top: 50px; \"><div class=\"row-bg-wrap\"> <div class=\"row-bg\" ><\/div> <\/div><div class=\"row_col_wrap_12_inner col span_12  left\">\n\t<div  class=\"vc_col-sm-6 wpb_column column_container vc_column_container col child_column padding-4-percent inherit_tablet inherit_phone\"   data-border-animation=\"\" data-border-animation-delay=\"\" data-border-width=\"2px\" data-border-style=\"double_offset\" data-border-color=\"#487A9A\" data-padding-pos=\"all\" data-has-bg-color=\"false\" data-bg-color=\"\" data-bg-opacity=\"1\" data-animation=\"\" data-delay=\"0\" >\n\t\t<div class=\"vc_column-inner\" style=\"border: 2px solid rgba(255,255,255,0); \"><span class=\"border-wrap\" style=\"border-color: #487A9A;\"><span class=\"border-top\"><\/span><span class=\"border-right\"><\/span><span class=\"border-bottom\"><\/span><span class=\"border-left\"><\/span><\/span>\n\t\t<div class=\"wpb_wrapper\">\n\t\t\t\n<div class=\"wpb_text_column wpb_content_element  wpb_animate_when_almost_visible wpb_fadeInUp fadeInUp\" >\n\t<div class=\"wpb_wrapper\">\n\t\t<p>Rethymno Mare &amp; Water Park est situ\u00e9 \u00e0 Skaleta, Rethymno, dans un endroit baln\u00e9aire privil\u00e9gi\u00e9 qui combine parfaitement la mer avec la beaut\u00e9 naturelle de la Cr\u00e8te. Il est \u00e0 seulement 11 kilom\u00e8tres du centre historique de R\u00e9thymnon et \u00e0 64 kilom\u00e8tres d'H\u00e9raklion, la capitale de la Cr\u00e8te.<br \/>\nLa vue depuis l'h\u00f4tel offre un cadre impressionnant, o\u00f9 l'immensit\u00e9 de la mer de Cr\u00e8te rencontre des plages de sable fin et un paysage naturel unique. L'emplacement assure la tranquillit\u00e9, ainsi qu'un acc\u00e8s facile aux attractions, aux villages traditionnels et aux exp\u00e9riences culturelles.<\/p>\n\t<\/div>\n<\/div>\n\n\n\n\n\t\t<\/div> \n\t<\/div>\n\t<\/div> \n\n\t<div  class=\"vc_col-sm-6 wpb_column column_container vc_column_container col child_column no-extra-padding inherit_tablet inherit_phone\"   data-padding-pos=\"all\" data-has-bg-color=\"false\" data-bg-color=\"\" data-bg-opacity=\"1\" data-animation=\"\" data-delay=\"0\" >\n\t\t<div class=\"vc_column-inner\" >\n\t\t<div class=\"wpb_wrapper\">\n\t\t\t<div class=\"img-with-aniamtion-wrap center\" data-max-width=\"100%\" data-max-width-mobile=\"default\" data-border-radius=\"10px\" data-shadow=\"medium_depth\" data-animation=\"none\" >\n      <div class=\"inner\">\n        <div class=\"hover-wrap\"> \n          <div class=\"hover-wrap-inner\">\n            <img loading=\"lazy\" decoding=\"async\" class=\"img-with-animation skip-lazy\" data-delay=\"0\" height=\"1400\" width=\"1867\" data-animation=\"none\" src=\"https:\/\/rethymnomare.gr\/wp-content\/uploads\/2025\/07\/lBEACH2.jpg\" alt=\"\" srcset=\"https:\/\/rethymnomare.gr\/wp-content\/uploads\/2025\/07\/lBEACH2.jpg 1867w, https:\/\/rethymnomare.gr\/wp-content\/uploads\/2025\/07\/lBEACH2-300x225.jpg 300w, https:\/\/rethymnomare.gr\/wp-content\/uploads\/2025\/07\/lBEACH2-1024x768.jpg 1024w, https:\/\/rethymnomare.gr\/wp-content\/uploads\/2025\/07\/lBEACH2-768x576.jpg 768w, https:\/\/rethymnomare.gr\/wp-content\/uploads\/2025\/07\/lBEACH2-1536x1152.jpg 1536w\" sizes=\"auto, (max-width: 1867px) 100vw, 1867px\" \/>\n          <\/div>\n        <\/div>\n      <\/div>\n    <\/div>\n\t\t<\/div> \n\t<\/div>\n\t<\/div> \n<\/div><\/div>\n\t\t\t<\/div> \n\t\t<\/div>\n\t<\/div> \n<\/div><\/div>","protected":false},"excerpt":{"rendered":"Rethymno Mare &amp; Rethymno Mare Royal \u00c0 propos de nous Rethymno Mare &amp; Water Park et Rethymno Mare Royal &amp; Water Park sont deux h\u00f4tels cinq \u00e9toiles...","protected":false},"author":1,"featured_media":486,"parent":0,"menu_order":0,"comment_status":"closed","ping_status":"closed","template":"","meta":{"footnotes":""},"class_list":["post-662","page","type-page","status-publish","has-post-thumbnail"],"_links":{"self":[{"href":"https:\/\/rethymnomare.gr\/fr\/wp-json\/wp\/v2\/pages\/662","targetHints":{"allow":["GET"]}}],"collection":[{"href":"https:\/\/rethymnomare.gr\/fr\/wp-json\/wp\/v2\/pages"}],"about":[{"href":"https:\/\/rethymnomare.gr\/fr\/wp-json\/wp\/v2\/types\/page"}],"author":[{"embeddable":true,"href":"https:\/\/rethymnomare.gr\/fr\/wp-json\/wp\/v2\/users\/1"}],"replies":[{"embeddable":true,"href":"https:\/\/rethymnomare.gr\/fr\/wp-json\/wp\/v2\/comments?post=662"}],"version-history":[{"count":12,"href":"https:\/\/rethymnomare.gr\/fr\/wp-json\/wp\/v2\/pages\/662\/revisions"}],"predecessor-version":[{"id":857,"href":"https:\/\/rethymnomare.gr\/fr\/wp-json\/wp\/v2\/pages\/662\/revisions\/857"}],"wp:featuredmedia":[{"embeddable":true,"href":"https:\/\/rethymnomare.gr\/fr\/wp-json\/wp\/v2\/media\/486"}],"wp:attachment":[{"href":"https:\/\/rethymnomare.gr\/fr\/wp-json\/wp\/v2\/media?parent=662"}],"curies":[{"name":"wp","href":"https:\/\/api.w.org\/{rel}","templated":true}]}}