
{"id":678,"date":"2025-08-06T15:10:58","date_gmt":"2025-08-06T12:10:58","guid":{"rendered":"https:\/\/rethymnomare.interbrain.gr\/?page_id=678"},"modified":"2025-08-25T16:16:23","modified_gmt":"2025-08-25T13:16:23","slug":"sustainability","status":"publish","type":"page","link":"https:\/\/rethymnomare.gr\/fr\/sustainability\/","title":{"rendered":"Durabilit\u00e9"},"content":{"rendered":"<div id=\"fws_69e90cf63f07f\"  data-column-margin=\"default\" data-midnight=\"light\"  class=\"wpb_row vc_row-fluid vc_row full-width-content vc_row-o-full-height vc_row-o-columns-middle vc_row-o-equal-height vc_row-flex vc_row-o-content-top\"  style=\"padding-top: 0px; padding-bottom: 0px; \"><div class=\"row-bg-wrap\" data-bg-animation=\"none\" data-bg-animation-delay=\"\" data-bg-overlay=\"true\"><div class=\"inner-wrap row-bg-layer using-image\" ><div class=\"row-bg viewport-desktop using-image\"  style=\"background-image: url(https:\/\/rethymnomare.gr\/wp-content\/uploads\/2025\/08\/sustainable.jpg); background-position: center center; background-repeat: no-repeat; \"><\/div><\/div><div class=\"row-bg-overlay row-bg-layer\" style=\"background-color:#000000;  opacity: 0.5; \"><\/div><\/div><div class=\"row_col_wrap_12 col span_12 light left\">\n\t<div  class=\"vc_col-sm-12 wpb_column column_container vc_column_container col no-extra-padding right_margin_300px left_margin_300px right_margin_tablet_10px left_margin_tablet_10px inherit_tablet inherit_phone\"  data-padding-pos=\"all\" data-has-bg-color=\"false\" data-bg-color=\"\" data-bg-opacity=\"1\" data-animation=\"\" data-delay=\"0\" >\n\t\t<div class=\"vc_column-inner\" >\n\t\t\t<div class=\"wpb_wrapper\">\n\t\t\t\t\n<div class=\"wpb_text_column wpb_content_element\" >\n\t<div class=\"wpb_wrapper\">\n\t\t<h5 style=\"text-align: center;\">Rethymno Mare &amp; Water Park<\/h5>\n<h1 style=\"text-align: center;\">Durabilit\u00e9<\/h1>\n<p>&nbsp;<\/p>\n<p style=\"text-align: center;\">Notre h\u00f4tel respectueux de l'environnement a fi\u00e8rement re\u00e7u le prix Green Key chaque ann\u00e9e<br \/>\ndepuis 2009, lancement du programme en Gr\u00e8ce.<\/p>\n\t<\/div>\n<\/div>\n\n\n\n<div class=\"img-with-aniamtion-wrap center custom-width-17pct\" data-max-width=\"custom\" data-max-width-mobile=\"default\" data-border-radius=\"5px\" data-shadow=\"medium_depth\" data-animation=\"none\" >\n      <div class=\"inner\">\n        <div class=\"hover-wrap\"> \n          <div class=\"hover-wrap-inner\">\n            <a href=\"\/wp-content\/uploads\/2025\/08\/GREEN-KEY_page-0001.jpg\" target=\"_self\" class=\"center pp nectar_video_lightbox\">\n              <img loading=\"lazy\" decoding=\"async\" class=\"img-with-animation skip-lazy\" data-delay=\"0\" height=\"1400\" width=\"1743\" data-animation=\"none\" src=\"https:\/\/rethymnomare.gr\/wp-content\/uploads\/2025\/07\/greenkey.jpg\" alt=\"\" srcset=\"https:\/\/rethymnomare.gr\/wp-content\/uploads\/2025\/07\/greenkey.jpg 1743w, https:\/\/rethymnomare.gr\/wp-content\/uploads\/2025\/07\/greenkey-300x241.jpg 300w, https:\/\/rethymnomare.gr\/wp-content\/uploads\/2025\/07\/greenkey-1024x822.jpg 1024w, https:\/\/rethymnomare.gr\/wp-content\/uploads\/2025\/07\/greenkey-768x617.jpg 768w, https:\/\/rethymnomare.gr\/wp-content\/uploads\/2025\/07\/greenkey-1536x1234.jpg 1536w\" sizes=\"auto, (max-width: 1743px) 100vw, 1743px\" \/>\n            <\/a>\n          <\/div>\n        <\/div>\n      <\/div>\n      <\/div>\n\t\t\t<\/div> \n\t\t<\/div>\n\t<\/div> \n<\/div><\/div>\n\t\t<div id=\"fws_69e90cf6458de\"  data-column-margin=\"default\" data-midnight=\"dark\"  class=\"wpb_row vc_row-fluid vc_row full-width-section vc_row-o-equal-height vc_row-flex vc_row-o-content-middle\"  style=\"padding-top: 100px; padding-bottom: 100px; \"><div class=\"row-bg-wrap\" data-bg-animation=\"none\" data-bg-animation-delay=\"\" data-bg-overlay=\"false\"><div class=\"inner-wrap row-bg-layer\" ><div class=\"row-bg viewport-desktop\"  style=\"\"><\/div><\/div><\/div><div class=\"row_col_wrap_12 col span_12 dark left\">\n\t<div  class=\"vc_col-sm-12 wpb_column column_container vc_column_container col no-extra-padding inherit_tablet inherit_phone\"  data-padding-pos=\"all\" data-has-bg-color=\"false\" data-bg-color=\"\" data-bg-opacity=\"1\" data-animation=\"\" data-delay=\"0\" >\n\t\t<div class=\"vc_column-inner\" >\n\t\t\t<div class=\"wpb_wrapper\">\n\t\t\t\t\n<div class=\"wpb_text_column wpb_content_element  wpb_animate_when_almost_visible wpb_fadeInUp fadeInUp\" >\n\t<div class=\"wpb_wrapper\">\n\t\t<h2>RETHYMNO MARE &amp; WATER PARK \u2013 <em>Durabilit\u00e9<\/em><\/h2>\n\t<\/div>\n<\/div>\n\n\n\n<div id=\"fws_69e90cf646a77\" data-midnight=\"\" data-column-margin=\"default\" class=\"wpb_row vc_row-fluid vc_row inner_row vc_row-o-equal-height vc_row-flex\"  style=\"padding-top: 50px; \"><div class=\"row-bg-wrap\"> <div class=\"row-bg\" ><\/div> <\/div><div class=\"row_col_wrap_12_inner col span_12  left\">\n\t<div  class=\"vc_col-sm-4 wpb_column column_container vc_column_container col child_column padding-4-percent inherit_tablet inherit_phone\"   data-border-animation=\"\" data-border-animation-delay=\"\" data-border-width=\"2px\" data-border-style=\"double_offset\" data-border-color=\"#487A9A\" data-padding-pos=\"all\" data-has-bg-color=\"false\" data-bg-color=\"\" data-bg-opacity=\"1\" data-animation=\"\" data-delay=\"0\" >\n\t\t<div class=\"vc_column-inner\" style=\"border: 2px solid rgba(255,255,255,0); \"><span class=\"border-wrap\" style=\"border-color: #487A9A;\"><span class=\"border-top\"><\/span><span class=\"border-right\"><\/span><span class=\"border-bottom\"><\/span><span class=\"border-left\"><\/span><\/span>\n\t\t<div class=\"wpb_wrapper\">\n\t\t\t<div class=\"nectar-responsive-text my-count-up nectar-link-underline-effect\" style=\"color: #487A9A;\" data-inherit-heading-family=\"i\"><p><em>1<\/em><\/p>\n<\/div>\n<div class=\"wpb_text_column wpb_content_element  wpb_animate_when_almost_visible wpb_fadeInUp fadeInUp\" >\n\t<div class=\"wpb_wrapper\">\n\t\t<h4>Certification environnementale \u00e0 cl\u00e9 verte<\/h4>\n<p>&nbsp;<\/p>\n<p>Notre h\u00f4tel respectueux de l\u2019environnement est fier de recevoir le prix de la cl\u00e9 verte chaque ann\u00e9e depuis 2009, le lancement du programme en Gr\u00e8ce. Cette prestigieuse certification internationale nous motive \u00e0 op\u00e9rer de mani\u00e8re durable et \u00e0 r\u00e9duire notre empreinte environnementale. Nous nous engageons \u00e0 prot\u00e9ger la plan\u00e8te sur laquelle nous vivons et \u00e0 transmettre un monde plus propre aux g\u00e9n\u00e9rations futures.<\/p>\n\t<\/div>\n<\/div>\n\n\n\n\n\t\t<\/div> \n\t<\/div>\n\t<\/div> \n\n\t<div  class=\"vc_col-sm-4 wpb_column column_container vc_column_container col child_column padding-4-percent inherit_tablet inherit_phone\"   data-border-animation=\"\" data-border-animation-delay=\"\" data-border-width=\"1px\" data-border-style=\"double\" data-border-color=\"#487A9A\" data-padding-pos=\"all\" data-has-bg-color=\"false\" data-bg-color=\"\" data-bg-opacity=\"1\" data-animation=\"\" data-delay=\"0\" >\n\t\t<div class=\"vc_column-inner\" style=\"border: 1px solid rgba(255,255,255,0); \"><span class=\"border-wrap\" style=\"border-color: #487A9A;\"><span class=\"border-top\"><\/span><span class=\"border-right\"><\/span><span class=\"border-bottom\"><\/span><span class=\"border-left\"><\/span><\/span>\n\t\t<div class=\"wpb_wrapper\">\n\t\t\t<div class=\"nectar-responsive-text my-count-up nectar-link-underline-effect\" style=\"color: #487A9A;\" data-inherit-heading-family=\"i\"><p><em>2<\/em><\/p>\n<\/div>\n<div class=\"wpb_text_column wpb_content_element  wpb_animate_when_almost_visible wpb_fadeInUp fadeInUp\" >\n\t<div class=\"wpb_wrapper\">\n\t\t<h4 data-start=\"358\" data-end=\"692\">Op\u00e9rations h\u00f4teli\u00e8res \u00e9co-conscientes<\/h4>\n<p>&nbsp;<\/p>\n<p>Nous nous concentrons sur les pratiques h\u00f4teli\u00e8res durables, telles que le recyclage du papier, du plastique, du verre, des batteries, de l'encre d'imprimante et des huiles usag\u00e9es. Nous utilisons le GPL dans la cuisine \/ blanchisserie, les panneaux solaires, les ampoules \u00e0 \u00e9conomie d'\u00e9nergie et les appareils de classe A. Les chambres ont des cl\u00e9s magn\u00e9tiques, une isolation et des syst\u00e8mes intelligents pour minimiser les d\u00e9chets d'\u00e9lectricit\u00e9 et d'eau. Tous les produits de nettoyage respectent les normes \u00e9cologiques.<\/p>\n\t<\/div>\n<\/div>\n\n\n\n\n\t\t<\/div> \n\t<\/div>\n\t<\/div> \n\n\t<div  class=\"vc_col-sm-4 wpb_column column_container vc_column_container col child_column padding-4-percent inherit_tablet inherit_phone\"   data-border-animation=\"\" data-border-animation-delay=\"\" data-border-width=\"1px\" data-border-style=\"double_offset\" data-border-color=\"#00917F\" data-padding-pos=\"all\" data-has-bg-color=\"false\" data-bg-color=\"\" data-bg-opacity=\"1\" data-animation=\"\" data-delay=\"0\" >\n\t\t<div class=\"vc_column-inner\" style=\"border: 1px solid rgba(255,255,255,0); \"><span class=\"border-wrap\" style=\"border-color: #00917F;\"><span class=\"border-top\"><\/span><span class=\"border-right\"><\/span><span class=\"border-bottom\"><\/span><span class=\"border-left\"><\/span><\/span>\n\t\t<div class=\"wpb_wrapper\">\n\t\t\t<div class=\"nectar-responsive-text my-count-up nectar-link-underline-effect\" style=\"color: #00917F;\" data-inherit-heading-family=\"i\"><p><em>3<\/em><\/p>\n<\/div>\n<div class=\"wpb_text_column wpb_content_element  wpb_animate_when_almost_visible wpb_fadeInUp fadeInUp\" >\n\t<div class=\"wpb_wrapper\">\n\t\t<h4>Local, Paperless &amp; H\u00f4tellerie durable<\/h4>\n<p>&nbsp;<\/p>\n<p>Notre h\u00f4tel sans papier partage des informations via Smart TV, imprime des deux c\u00f4t\u00e9s et utilise des sacs en papier, des tasses et des pailles. Nous soutenons les fournisseurs locaux, promouvons la cuisine cr\u00e9toise et r\u00e9duisons les articles \u00e0 usage unique. Les jardins utilisent des plantes indig\u00e8nes et de l'eau recycl\u00e9e. Les clients r\u00e9utilisent les serviettes, et nous soutenons l'environnement, le bien-\u00eatre animal, les \u00e9v\u00e9nements culturels et les festivals.<\/p>\n\t<\/div>\n<\/div>\n\n\n\n\n\t\t<\/div> \n\t<\/div>\n\t<\/div> \n<\/div><\/div>\n\t\t\t<\/div> \n\t\t<\/div>\n\t<\/div> \n<\/div><\/div>","protected":false},"excerpt":{"rendered":"Rethymno Mare &amp; Water Park Sustainability Notre h\u00f4tel respectueux de l'environnement a fi\u00e8rement re\u00e7u le prix Green Key chaque ann\u00e9e depuis 2009, le lancement du programme en Gr\u00e8ce. RETHYMNO MARE &amp; EAU...","protected":false},"author":1,"featured_media":679,"parent":0,"menu_order":0,"comment_status":"closed","ping_status":"closed","template":"","meta":{"footnotes":""},"class_list":["post-678","page","type-page","status-publish","has-post-thumbnail"],"_links":{"self":[{"href":"https:\/\/rethymnomare.gr\/fr\/wp-json\/wp\/v2\/pages\/678","targetHints":{"allow":["GET"]}}],"collection":[{"href":"https:\/\/rethymnomare.gr\/fr\/wp-json\/wp\/v2\/pages"}],"about":[{"href":"https:\/\/rethymnomare.gr\/fr\/wp-json\/wp\/v2\/types\/page"}],"author":[{"embeddable":true,"href":"https:\/\/rethymnomare.gr\/fr\/wp-json\/wp\/v2\/users\/1"}],"replies":[{"embeddable":true,"href":"https:\/\/rethymnomare.gr\/fr\/wp-json\/wp\/v2\/comments?post=678"}],"version-history":[{"count":7,"href":"https:\/\/rethymnomare.gr\/fr\/wp-json\/wp\/v2\/pages\/678\/revisions"}],"predecessor-version":[{"id":861,"href":"https:\/\/rethymnomare.gr\/fr\/wp-json\/wp\/v2\/pages\/678\/revisions\/861"}],"wp:featuredmedia":[{"embeddable":true,"href":"https:\/\/rethymnomare.gr\/fr\/wp-json\/wp\/v2\/media\/679"}],"wp:attachment":[{"href":"https:\/\/rethymnomare.gr\/fr\/wp-json\/wp\/v2\/media?parent=678"}],"curies":[{"name":"wp","href":"https:\/\/api.w.org\/{rel}","templated":true}]}}