
{"id":730,"date":"2025-08-14T13:52:06","date_gmt":"2025-08-14T10:52:06","guid":{"rendered":"https:\/\/rethymnomare.interbrain.gr\/?page_id=730"},"modified":"2026-01-26T14:13:45","modified_gmt":"2026-01-26T12:13:45","slug":"events","status":"publish","type":"page","link":"https:\/\/rethymnomare.gr\/fr\/events\/","title":{"rendered":"\u00c9v\u00e9nements &amp; C\u00e9l\u00e9brations"},"content":{"rendered":"<div id=\"fws_69e90cfca2b7b\"  data-column-margin=\"default\" data-midnight=\"light\"  class=\"wpb_row vc_row-fluid vc_row full-width-content vc_row-o-full-height vc_row-o-columns-middle vc_row-o-equal-height vc_row-flex vc_row-o-content-top\"  style=\"padding-top: 0px; padding-bottom: 0px; \"><div class=\"row-bg-wrap\" data-bg-animation=\"none\" data-bg-animation-delay=\"\" data-bg-overlay=\"true\"><div class=\"inner-wrap row-bg-layer using-image\" ><div class=\"row-bg viewport-desktop using-image\"  style=\"background-image: url(https:\/\/rethymnomare.gr\/wp-content\/uploads\/2025\/07\/Lobby-Rethymno-Mare-Water-Park.jpg); background-position: center center; background-repeat: no-repeat; \"><\/div><\/div><div class=\"row-bg-overlay row-bg-layer\" style=\"background-color:#000000;  opacity: 0.5; \"><\/div><\/div><div class=\"row_col_wrap_12 col span_12 light left\">\n\t<div  class=\"vc_col-sm-12 wpb_column column_container vc_column_container col no-extra-padding right_margin_300px left_margin_300px right_margin_tablet_10px left_margin_tablet_10px inherit_tablet inherit_phone\"  data-padding-pos=\"all\" data-has-bg-color=\"false\" data-bg-color=\"\" data-bg-opacity=\"1\" data-animation=\"\" data-delay=\"0\" >\n\t\t<div class=\"vc_column-inner\" >\n\t\t\t<div class=\"wpb_wrapper\">\n\t\t\t\t\n<div class=\"wpb_text_column wpb_content_element\" >\n\t<div class=\"wpb_wrapper\">\n\t\t<h5 style=\"text-align: center;\">Rethymno Mare &amp; Water Park<\/h5>\n<h1 style=\"text-align: center;\">\u00c9v\u00e9nements &amp; C\u00e9l\u00e9brations<\/h1>\n<p>&nbsp;<\/p>\n<p style=\"text-align: center;\">Des mariages de r\u00eave aux r\u00e9unions d'entreprise, le parc aquatique Rethymno Mare &amp; offre des lieux \u00e9l\u00e9gants et un soutien professionnel pour chaque occasion.<\/p>\n\t<\/div>\n<\/div>\n\n\n\n\n\t\t\t<\/div> \n\t\t<\/div>\n\t<\/div> \n<\/div><\/div>\n\t\t<div id=\"fws_69e90cfca3cb1\"  data-column-margin=\"default\" data-midnight=\"dark\"  class=\"wpb_row vc_row-fluid vc_row full-width-section  left_padding_5pct\"  style=\"padding-top: 100px; padding-bottom: 100px; \"><div class=\"row-bg-wrap\" data-bg-animation=\"none\" data-bg-animation-delay=\"\" data-bg-overlay=\"false\"><div class=\"inner-wrap row-bg-layer\" ><div class=\"row-bg viewport-desktop\"  style=\"\"><\/div><\/div><\/div><div class=\"row_col_wrap_12 col span_12 dark left\">\n\t<div  class=\"vc_col-sm-12 wpb_column column_container vc_column_container col padding-3-percent inherit_tablet inherit_phone\"  data-padding-pos=\"all\" data-has-bg-color=\"false\" data-bg-color=\"\" data-bg-opacity=\"1\" data-animation=\"\" data-delay=\"0\" >\n\t\t<div class=\"vc_column-inner\" >\n\t\t\t<div class=\"wpb_wrapper\">\n\t\t\t\t\n<div class=\"wpb_text_column wpb_content_element  wpb_animate_when_almost_visible wpb_fadeInUp fadeInUp main-text-block\" >\n\t<div class=\"wpb_wrapper\">\n\t\t<p>RETHYMNO MARE &amp; WATER PARK \u2013 <em>\u00c9v\u00e9nements &amp; C\u00e9l\u00e9brations<\/em><\/p>\n<h2>C\u00e9l\u00e9brez magnifiquement. Planifiez sans effort.<\/h2>\n<p>&nbsp;<\/p>\n<p>Le complexe dispose de deux salles de conf\u00e9rence enti\u00e8rement climatis\u00e9es de type amphith\u00e9\u00e2tre, dont la salle \u00abAriadne\u00bb d\u2019une capacit\u00e9 de 120 personnes. Pour les grands \u00e9v\u00e9nements, l\u2019amphith\u00e9\u00e2tre en plein air d\u2019inspiration grecque et les terrasses au bord de la piscine peuvent accueillir jusqu\u2019\u00e0 650 participants, ce qui est parfait pour les mariages, les anniversaires, les r\u00e9ceptions ou les r\u00e9unions d\u2019affaires. Notre \u00e9quipe exp\u00e9riment\u00e9e est l\u00e0 pour vous aider avec chaque d\u00e9tail, de l'agencement et de la logistique aux menus et \u00e0 la d\u00e9coration, assurant une exp\u00e9rience transparente et m\u00e9morable dans un cadre baln\u00e9aire inspirant.<\/p>\n\t<\/div>\n<\/div>\n\n\n\n\n\t<div class=\"wpb_gallery wpb_content_element clearfix\">\n\t\t<div class=\"wpb_wrapper\"><div class=\"wpb_gallery_slidesflickity_static_height_style\" data-onclick=\"link_image\" data-interval=\"5\"><style>.wpb_gallery_slidesflickity_static_height_style .nectar-flickity.instace-69e90cfca4f61:not(.masonry) .flickity-slider .cell img {\n      height: 400px;\n    }\n    @media only screen and (max-width: 1300px) {\n      .wpb_gallery_slidesflickity_static_height_style .nectar-flickity.instace-69e90cfca4f61:not(.masonry) .flickity-slider .cell img {\n        height: 60vh;\n      }\n    }\n    @media only screen and (max-width: 1000px) {\n      .wpb_gallery_slidesflickity_static_height_style .nectar-flickity.instace-69e90cfca4f61:not(.masonry) .flickity-slider .cell img {\n        height: 50vh;\n      }\n    }\n    @media only screen and (max-width: 690px) {\n      .wpb_gallery_slidesflickity_static_height_style .nectar-flickity.instace-69e90cfca4f61:not(.masonry) .flickity-slider .cell img {\n        height: 350px;\n      }\n    }<\/style><div class=\"nectar-flickity not-initialized instace-69e90cfca4f61 drag-indicator-only\" data-indicator-bg=\"#487A9A\" data-indicator-icon=\"#ffffff\"  data-touch-icon-color=\"default\" data-drag-scale=\"\" data-overflow=\"visible\" data-wrap=\"no-wrap\" data-spacing=\"10px\" data-shadow=\"none\" data-autoplay=\"true\" data-autoplay-dur=\"\" data-free-scroll=\"\" data-controls=\"touch_total\"><div class=\"flickity-viewport\"> <div class=\"flickity-slider\"><div class=\"cell\" data-lazy=\"false\"><div class=\"nectar-el-parallax-scroll\" data-scroll-animation=\"true\" data-scroll-animation-mobile=\"true\" data-scroll-animation-intensity=\"-1.15\" data-scroll-animation-lerp=\"1\"><div class=\"vc_column-inner\"><div class=\"img-wrap\"><\/div><\/div><\/div><a class=\"entire-slide-link\"  href=\"\"><\/a><\/div><div class=\"cell\" data-lazy=\"false\"><div class=\"nectar-el-parallax-scroll\" data-scroll-animation=\"true\" data-scroll-animation-mobile=\"true\" data-scroll-animation-intensity=\"-1.15\" data-scroll-animation-lerp=\"1\"><div class=\"vc_column-inner\"><div class=\"img-wrap\"><\/div><\/div><\/div><a class=\"entire-slide-link\"  href=\"\"><\/a><\/div><div class=\"cell\" data-lazy=\"false\"><div class=\"nectar-el-parallax-scroll\" data-scroll-animation=\"true\" data-scroll-animation-mobile=\"true\" data-scroll-animation-intensity=\"-1.15\" data-scroll-animation-lerp=\"1\"><div class=\"vc_column-inner\"><div class=\"img-wrap\"><\/div><\/div><\/div><a class=\"entire-slide-link\"  href=\"\"><\/a><\/div><\/div><\/div><\/div><\/div>\n\t\t<\/div> \n\t<\/div> \n\t\t\t<\/div> \n\t\t<\/div>\n\t<\/div> \n<\/div><\/div>","protected":false},"excerpt":{"rendered":"Rethymno Mare &amp; Water Park \u00c9v\u00e9nements &amp; C\u00e9l\u00e9brations Des mariages de r\u00eave aux r\u00e9unions d'entreprise, Rethymno Mare &amp; Water Park offre des lieux \u00e9l\u00e9gants et un soutien professionnel pour chaque occasion. RETHYMNO...","protected":false},"author":1,"featured_media":0,"parent":0,"menu_order":0,"comment_status":"closed","ping_status":"closed","template":"","meta":{"footnotes":""},"class_list":["post-730","page","type-page","status-publish"],"_links":{"self":[{"href":"https:\/\/rethymnomare.gr\/fr\/wp-json\/wp\/v2\/pages\/730","targetHints":{"allow":["GET"]}}],"collection":[{"href":"https:\/\/rethymnomare.gr\/fr\/wp-json\/wp\/v2\/pages"}],"about":[{"href":"https:\/\/rethymnomare.gr\/fr\/wp-json\/wp\/v2\/types\/page"}],"author":[{"embeddable":true,"href":"https:\/\/rethymnomare.gr\/fr\/wp-json\/wp\/v2\/users\/1"}],"replies":[{"embeddable":true,"href":"https:\/\/rethymnomare.gr\/fr\/wp-json\/wp\/v2\/comments?post=730"}],"version-history":[{"count":9,"href":"https:\/\/rethymnomare.gr\/fr\/wp-json\/wp\/v2\/pages\/730\/revisions"}],"predecessor-version":[{"id":1189,"href":"https:\/\/rethymnomare.gr\/fr\/wp-json\/wp\/v2\/pages\/730\/revisions\/1189"}],"wp:attachment":[{"href":"https:\/\/rethymnomare.gr\/fr\/wp-json\/wp\/v2\/media?parent=730"}],"curies":[{"name":"wp","href":"https:\/\/api.w.org\/{rel}","templated":true}]}}